{"id":241,"date":"2024-07-10T16:13:34","date_gmt":"2024-07-10T16:13:34","guid":{"rendered":"https:\/\/serenityrgservices.com\/website_d825c278\/?page_id=241"},"modified":"2024-07-25T18:22:44","modified_gmt":"2024-07-25T18:22:44","slug":"medical-marijuana-card","status":"publish","type":"page","link":"https:\/\/heroelitemedicalcenter.com\/es\/medical-marijuana-card\/","title":{"rendered":"TARJETA DE MARIHUANA MEDICINAL"},"content":{"rendered":"<div data-elementor-type=\"wp-page\" data-elementor-id=\"241\" class=\"elementor elementor-241\">\n\t\t\t\t<div class=\"elementor-element elementor-element-16c7cb0 e-con-full e-flex e-con e-parent\" data-id=\"16c7cb0\" data-element_type=\"container\" data-e-type=\"container\" data-settings=\"{&quot;background_background&quot;:&quot;classic&quot;}\">\n\t\t\t\t<div class=\"elementor-element elementor-element-a50f4f7 elementor-widget elementor-widget-heading\" data-id=\"a50f4f7\" data-element_type=\"widget\" data-e-type=\"widget\" data-widget_type=\"heading.default\">\n\t\t\t\t<div class=\"elementor-widget-container\">\n\t\t\t\t\t<h1 class=\"elementor-heading-title elementor-size-default\">TARJETA DE MARIHUANA MEDICINAL<\/h1>\t\t\t\t<\/div>\n\t\t\t\t<\/div>\n\t\t\t\t<\/div>\n\t\t<div class=\"elementor-element elementor-element-7dac905 e-flex e-con-boxed e-con e-parent\" data-id=\"7dac905\" data-element_type=\"container\" data-e-type=\"container\">\n\t\t\t\t\t<div class=\"e-con-inner\">\n\t\t<div class=\"elementor-element elementor-element-3c1be6e e-con-full e-flex e-con e-child\" data-id=\"3c1be6e\" data-element_type=\"container\" data-e-type=\"container\">\n\t\t\t\t<div class=\"elementor-element elementor-element-48c72d9 elementor-invisible elementor-widget elementor-widget-heading\" data-id=\"48c72d9\" data-element_type=\"widget\" data-e-type=\"widget\" data-settings=\"{&quot;_animation&quot;:&quot;fadeInLeft&quot;}\" data-widget_type=\"heading.default\">\n\t\t\t\t<div class=\"elementor-widget-container\">\n\t\t\t\t\t<h2 class=\"elementor-heading-title elementor-size-default\">APROBACI\u00d3N EL MISMO D\u00cdA<\/h2>\t\t\t\t<\/div>\n\t\t\t\t<\/div>\n\t\t\t\t<div class=\"elementor-element elementor-element-d70cf59 elementor-invisible elementor-widget elementor-widget-text-editor\" data-id=\"d70cf59\" data-element_type=\"widget\" data-e-type=\"widget\" data-settings=\"{&quot;_animation&quot;:&quot;fadeInLeft&quot;}\" data-widget_type=\"text-editor.default\">\n\t\t\t\t<div class=\"elementor-widget-container\">\n\t\t\t\t\t\t\t\t\t<p><span style=\"font-weight: 400;\">Hero Elite Medical Center ofrece un proceso simplificado para obtener una tarjeta de marihuana medicinal, brindando acceso r\u00e1pido a esta opci\u00f3n terap\u00e9utica para personas elegibles. La marihuana medicinal se ha mostrado prometedora para aliviar los s\u00edntomas asociados con diversas afecciones m\u00e9dicas, desde dolor cr\u00f3nico y ansiedad hasta n\u00e1useas y espasmos musculares.<\/span><\/p><p><span style=\"font-weight: 400;\">Estamos comprometidos con la educaci\u00f3n y el apoyo del paciente durante todo el proceso. Proporcionamos informaci\u00f3n detallada sobre los beneficios y riesgos potenciales del uso de marihuana medicinal, ayudando a los pacientes a tomar decisiones informadas sobre sus opciones de atenci\u00f3n m\u00e9dica.<\/span><\/p><p><span style=\"font-weight: 400;\">Al ofrecer aprobaci\u00f3n el mismo d\u00eda para tarjetas de marihuana medicinal, Hero Elite Medical Center se esfuerza por mejorar la accesibilidad y la conveniencia para los pacientes que buscan tratamientos alternativos para sus afecciones m\u00e9dicas. Nuestra dedicaci\u00f3n al profesionalismo, el cumplimiento de las regulaciones estatales y la atenci\u00f3n centrada en el paciente nos convierte en un proveedor confiable en la comunidad.<\/span><\/p>\t\t\t\t\t\t\t\t<\/div>\n\t\t\t\t<\/div>\n\t\t\t\t<\/div>\n\t\t<div class=\"elementor-element elementor-element-bdbc35f e-con-full e-flex e-con e-child\" data-id=\"bdbc35f\" data-element_type=\"container\" data-e-type=\"container\">\n\t\t\t\t<div class=\"elementor-element elementor-element-0018a67 elementor-invisible elementor-widget elementor-widget-image\" data-id=\"0018a67\" data-element_type=\"widget\" data-e-type=\"widget\" data-settings=\"{&quot;_animation&quot;:&quot;fadeInRight&quot;}\" data-widget_type=\"image.default\">\n\t\t\t\t<div class=\"elementor-widget-container\">\n\t\t\t\t\t\t\t\t\t\t\t\t\t\t\t<img fetchpriority=\"high\" decoding=\"async\" width=\"1024\" height=\"683\" src=\"https:\/\/i0.wp.com\/heroelitemedicalcenter.com\/wp-content\/uploads\/2024\/07\/pexels-mart-production-7089401-scaled.jpg?fit=1024%2C683&amp;ssl=1\" class=\"attachment-large size-large wp-image-244\" alt=\"\" srcset=\"https:\/\/i0.wp.com\/heroelitemedicalcenter.com\/wp-content\/uploads\/2024\/07\/pexels-mart-production-7089401-scaled.jpg?w=2560&amp;ssl=1 2560w, https:\/\/i0.wp.com\/heroelitemedicalcenter.com\/wp-content\/uploads\/2024\/07\/pexels-mart-production-7089401-scaled.jpg?resize=300%2C200&amp;ssl=1 300w, https:\/\/i0.wp.com\/heroelitemedicalcenter.com\/wp-content\/uploads\/2024\/07\/pexels-mart-production-7089401-scaled.jpg?resize=1024%2C683&amp;ssl=1 1024w, https:\/\/i0.wp.com\/heroelitemedicalcenter.com\/wp-content\/uploads\/2024\/07\/pexels-mart-production-7089401-scaled.jpg?resize=768%2C512&amp;ssl=1 768w, https:\/\/i0.wp.com\/heroelitemedicalcenter.com\/wp-content\/uploads\/2024\/07\/pexels-mart-production-7089401-scaled.jpg?resize=1536%2C1024&amp;ssl=1 1536w, https:\/\/i0.wp.com\/heroelitemedicalcenter.com\/wp-content\/uploads\/2024\/07\/pexels-mart-production-7089401-scaled.jpg?w=2400&amp;ssl=1 2400w\" sizes=\"(max-width: 1024px) 100vw, 1024px\" \/>\t\t\t\t\t\t\t\t\t\t\t\t\t\t\t<\/div>\n\t\t\t\t<\/div>\n\t\t\t\t<\/div>\n\t\t\t\t\t<\/div>\n\t\t\t\t<\/div>\n\t\t<div class=\"elementor-element elementor-element-87536ba e-con-full e-flex e-con e-parent\" data-id=\"87536ba\" data-element_type=\"container\" data-e-type=\"container\">\n\t\t<div class=\"elementor-element elementor-element-9a79264 e-con-full e-flex e-con e-child\" data-id=\"9a79264\" data-element_type=\"container\" data-e-type=\"container\" data-settings=\"{&quot;background_background&quot;:&quot;classic&quot;}\">\n\t\t<div class=\"elementor-element elementor-element-755a72d e-con-full e-flex e-con e-child\" data-id=\"755a72d\" data-element_type=\"container\" data-e-type=\"container\" data-settings=\"{&quot;background_background&quot;:&quot;classic&quot;,&quot;animation&quot;:&quot;none&quot;}\">\n\t\t\t\t<div class=\"elementor-element elementor-element-f8a8b25 elementor-widget__width-initial elementor-invisible elementor-widget elementor-widget-heading\" data-id=\"f8a8b25\" data-element_type=\"widget\" data-e-type=\"widget\" data-settings=\"{&quot;_animation&quot;:&quot;fadeInDown&quot;}\" data-widget_type=\"heading.default\">\n\t\t\t\t<div class=\"elementor-widget-container\">\n\t\t\t\t\t<h2 class=\"elementor-heading-title elementor-size-default\">SIEMPRE ESTAMOS AQU\u00cd PARA AYUDAR<\/h2>\t\t\t\t<\/div>\n\t\t\t\t<\/div>\n\t\t\t\t<div class=\"elementor-element elementor-element-9d9e25d elementor-widget__width-initial elementor-invisible elementor-widget elementor-widget-heading\" data-id=\"9d9e25d\" data-element_type=\"widget\" data-e-type=\"widget\" data-settings=\"{&quot;_animation&quot;:&quot;fadeInRight&quot;}\" data-widget_type=\"heading.default\">\n\t\t\t\t<div class=\"elementor-widget-container\">\n\t\t\t\t\t<h3 class=\"elementor-heading-title elementor-size-default\">Aqu\u00ed en Hero Elite Medical Center, nos enorgullecemos de ser uno de los principales proveedores de atenci\u00f3n m\u00e9dica primaria. No escatimamos gastos para brindarles a nuestros pacientes la atenci\u00f3n oportuna y flexible que necesitan. Ponte en contacto con nosotros para conocer nuestros servicios y c\u00f3mo podemos ayudarte.<\/h3>\t\t\t\t<\/div>\n\t\t\t\t<\/div>\n\t\t\t\t<div class=\"elementor-element elementor-element-536b906 elementor-align-left elementor-invisible elementor-widget elementor-widget-button\" data-id=\"536b906\" data-element_type=\"widget\" data-e-type=\"widget\" data-settings=\"{&quot;_animation&quot;:&quot;fadeInUp&quot;,&quot;_animation_delay&quot;:400}\" data-widget_type=\"button.default\">\n\t\t\t\t<div class=\"elementor-widget-container\">\n\t\t\t\t\t\t\t\t\t<div class=\"elementor-button-wrapper\">\n\t\t\t\t\t<a class=\"elementor-button elementor-button-link elementor-size-sm\" href=\"https:\/\/heroelitemedicalcenter.com\/es\/contact-us\/\">\n\t\t\t\t\t\t<span class=\"elementor-button-content-wrapper\">\n\t\t\t\t\t\t\t\t\t<span class=\"elementor-button-text\">CONT\u00c1CTENOS<\/span>\n\t\t\t\t\t<\/span>\n\t\t\t\t\t<\/a>\n\t\t\t\t<\/div>\n\t\t\t\t\t\t\t\t<\/div>\n\t\t\t\t<\/div>\n\t\t\t\t<\/div>\n\t\t\t\t<\/div>\n\t\t\t\t<\/div>\n\t\t\t\t<\/div>","protected":false},"excerpt":{"rendered":"<p>Medical Marijuana Card Same Day Approval Hero Elite Medical Center offers a streamlined process for obtaining a medical marijuana card, providing expedited access to this therapeutic option for eligible individuals. Medical marijuana has shown promise in alleviating symptoms associated with various medical conditions, ranging from chronic pain and anxiety to nausea and muscle spasms. We [&hellip;]<\/p>\n","protected":false},"author":1,"featured_media":0,"parent":0,"menu_order":0,"comment_status":"closed","ping_status":"closed","template":"elementor_header_footer","meta":{"nf_dc_page":"","ocean_post_layout":"","ocean_both_sidebars_style":"","ocean_both_sidebars_content_width":0,"ocean_both_sidebars_sidebars_width":0,"ocean_sidebar":"","ocean_second_sidebar":"","ocean_disable_margins":"enable","ocean_add_body_class":"","ocean_shortcode_before_top_bar":"","ocean_shortcode_after_top_bar":"","ocean_shortcode_before_header":"","ocean_shortcode_after_header":"","ocean_has_shortcode":"","ocean_shortcode_after_title":"","ocean_shortcode_before_footer_widgets":"","ocean_shortcode_after_footer_widgets":"","ocean_shortcode_before_footer_bottom":"","ocean_shortcode_after_footer_bottom":"","ocean_display_top_bar":"default","ocean_display_header":"default","ocean_header_style":"","ocean_center_header_left_menu":"","ocean_custom_header_template":"","ocean_custom_logo":0,"ocean_custom_retina_logo":0,"ocean_custom_logo_max_width":0,"ocean_custom_logo_tablet_max_width":0,"ocean_custom_logo_mobile_max_width":0,"ocean_custom_logo_max_height":0,"ocean_custom_logo_tablet_max_height":0,"ocean_custom_logo_mobile_max_height":0,"ocean_header_custom_menu":"","ocean_menu_typo_font_family":"","ocean_menu_typo_font_subset":"","ocean_menu_typo_font_size":0,"ocean_menu_typo_font_size_tablet":0,"ocean_menu_typo_font_size_mobile":0,"ocean_menu_typo_font_size_unit":"px","ocean_menu_typo_font_weight":"","ocean_menu_typo_font_weight_tablet":"","ocean_menu_typo_font_weight_mobile":"","ocean_menu_typo_transform":"","ocean_menu_typo_transform_tablet":"","ocean_menu_typo_transform_mobile":"","ocean_menu_typo_line_height":0,"ocean_menu_typo_line_height_tablet":0,"ocean_menu_typo_line_height_mobile":0,"ocean_menu_typo_line_height_unit":"","ocean_menu_typo_spacing":0,"ocean_menu_typo_spacing_tablet":0,"ocean_menu_typo_spacing_mobile":0,"ocean_menu_typo_spacing_unit":"","ocean_menu_link_color":"","ocean_menu_link_color_hover":"","ocean_menu_link_color_active":"","ocean_menu_link_background":"","ocean_menu_link_hover_background":"","ocean_menu_link_active_background":"","ocean_menu_social_links_bg":"","ocean_menu_social_hover_links_bg":"","ocean_menu_social_links_color":"","ocean_menu_social_hover_links_color":"","ocean_disable_title":"on","ocean_disable_heading":"default","ocean_post_title":"","ocean_post_subheading":"","ocean_post_title_style":"","ocean_post_title_background_color":"","ocean_post_title_background":0,"ocean_post_title_bg_image_position":"","ocean_post_title_bg_image_attachment":"","ocean_post_title_bg_image_repeat":"","ocean_post_title_bg_image_size":"","ocean_post_title_height":0,"ocean_post_title_bg_overlay":0.5,"ocean_post_title_bg_overlay_color":"","ocean_disable_breadcrumbs":"off","ocean_breadcrumbs_color":"","ocean_breadcrumbs_separator_color":"","ocean_breadcrumbs_links_color":"","ocean_breadcrumbs_links_hover_color":"","ocean_display_footer_widgets":"default","ocean_display_footer_bottom":"default","ocean_custom_footer_template":"","footnotes":""},"class_list":["post-241","page","type-page","status-publish","hentry","entry"],"yoast_head":"<!-- This site is optimized with the Yoast SEO plugin v27.5 - https:\/\/yoast.com\/product\/yoast-seo-wordpress\/ -->\n<title>Medical Marijuana Card - Hero Elite Medical Center<\/title>\n<meta name=\"robots\" content=\"index, follow, max-snippet:-1, max-image-preview:large, max-video-preview:-1\" \/>\n<link rel=\"canonical\" href=\"https:\/\/serenityrgservices.com\/website_d825c278\/medical-marijuana-card\/\" \/>\n<meta property=\"og:locale\" content=\"es_ES\" \/>\n<meta property=\"og:type\" content=\"article\" \/>\n<meta property=\"og:title\" content=\"Medical Marijuana Card - Hero Elite Medical Center\" \/>\n<meta property=\"og:description\" content=\"Medical Marijuana Card Same Day Approval Hero Elite Medical Center offers a streamlined process for obtaining a medical marijuana card, providing expedited access to this therapeutic option for eligible individuals. Medical marijuana has shown promise in alleviating symptoms associated with various medical conditions, ranging from chronic pain and anxiety to nausea and muscle spasms. We [&hellip;]\" \/>\n<meta property=\"og:url\" content=\"https:\/\/serenityrgservices.com\/website_d825c278\/medical-marijuana-card\/\" \/>\n<meta property=\"og:site_name\" content=\"Hero Elite Medical Center\" \/>\n<meta property=\"article:modified_time\" content=\"2024-07-25T18:22:44+00:00\" \/>\n<meta property=\"og:image\" content=\"https:\/\/serenityrgservices.com\/website_d825c278\/wp-content\/uploads\/2024\/07\/pexels-mart-production-7089401-1024x683.jpg\" \/>\n<meta name=\"twitter:card\" content=\"summary_large_image\" \/>\n<meta name=\"twitter:label1\" content=\"Tiempo de lectura\" \/>\n\t<meta name=\"twitter:data1\" content=\"2 minutos\" \/>\n<script type=\"application\/ld+json\" class=\"yoast-schema-graph\">{\"@context\":\"https:\\\/\\\/schema.org\",\"@graph\":[{\"@type\":\"WebPage\",\"@id\":\"https:\\\/\\\/serenityrgservices.com\\\/website_d825c278\\\/medical-marijuana-card\\\/\",\"url\":\"https:\\\/\\\/serenityrgservices.com\\\/website_d825c278\\\/medical-marijuana-card\\\/\",\"name\":\"Medical Marijuana Card - Hero Elite Medical Center\",\"isPartOf\":{\"@id\":\"https:\\\/\\\/serenityrgservices.com\\\/website_d825c278\\\/#website\"},\"primaryImageOfPage\":{\"@id\":\"https:\\\/\\\/serenityrgservices.com\\\/website_d825c278\\\/medical-marijuana-card\\\/#primaryimage\"},\"image\":{\"@id\":\"https:\\\/\\\/serenityrgservices.com\\\/website_d825c278\\\/medical-marijuana-card\\\/#primaryimage\"},\"thumbnailUrl\":\"https:\\\/\\\/heroelitemedicalcenter.com\\\/wp-content\\\/uploads\\\/2024\\\/07\\\/pexels-mart-production-7089401-1024x683.jpg\",\"datePublished\":\"2024-07-10T16:13:34+00:00\",\"dateModified\":\"2024-07-25T18:22:44+00:00\",\"breadcrumb\":{\"@id\":\"https:\\\/\\\/serenityrgservices.com\\\/website_d825c278\\\/medical-marijuana-card\\\/#breadcrumb\"},\"inLanguage\":\"es\",\"potentialAction\":[{\"@type\":\"ReadAction\",\"target\":[\"https:\\\/\\\/serenityrgservices.com\\\/website_d825c278\\\/medical-marijuana-card\\\/\"]}]},{\"@type\":\"ImageObject\",\"inLanguage\":\"es\",\"@id\":\"https:\\\/\\\/serenityrgservices.com\\\/website_d825c278\\\/medical-marijuana-card\\\/#primaryimage\",\"url\":\"https:\\\/\\\/heroelitemedicalcenter.com\\\/wp-content\\\/uploads\\\/2024\\\/07\\\/pexels-mart-production-7089401-1024x683.jpg\",\"contentUrl\":\"https:\\\/\\\/heroelitemedicalcenter.com\\\/wp-content\\\/uploads\\\/2024\\\/07\\\/pexels-mart-production-7089401-1024x683.jpg\"},{\"@type\":\"BreadcrumbList\",\"@id\":\"https:\\\/\\\/serenityrgservices.com\\\/website_d825c278\\\/medical-marijuana-card\\\/#breadcrumb\",\"itemListElement\":[{\"@type\":\"ListItem\",\"position\":1,\"name\":\"Home\",\"item\":\"https:\\\/\\\/heroelitemedicalcenter.com\\\/\"},{\"@type\":\"ListItem\",\"position\":2,\"name\":\"Medical Marijuana Card\"}]},{\"@type\":\"WebSite\",\"@id\":\"https:\\\/\\\/serenityrgservices.com\\\/website_d825c278\\\/#website\",\"url\":\"https:\\\/\\\/serenityrgservices.com\\\/website_d825c278\\\/\",\"name\":\"Hero Elite Medical Center\",\"description\":\"Hero Elite Medical Center offers a wide range of medical services with exceptional quality of care, ensuring your health is our priority.\",\"publisher\":{\"@id\":\"https:\\\/\\\/serenityrgservices.com\\\/website_d825c278\\\/#organization\"},\"potentialAction\":[{\"@type\":\"SearchAction\",\"target\":{\"@type\":\"EntryPoint\",\"urlTemplate\":\"https:\\\/\\\/serenityrgservices.com\\\/website_d825c278\\\/?s={search_term_string}\"},\"query-input\":{\"@type\":\"PropertyValueSpecification\",\"valueRequired\":true,\"valueName\":\"search_term_string\"}}],\"inLanguage\":\"es\"},{\"@type\":\"Organization\",\"@id\":\"https:\\\/\\\/serenityrgservices.com\\\/website_d825c278\\\/#organization\",\"name\":\"Hero Elite Medical Center\",\"url\":\"https:\\\/\\\/serenityrgservices.com\\\/website_d825c278\\\/\",\"logo\":{\"@type\":\"ImageObject\",\"inLanguage\":\"es\",\"@id\":\"https:\\\/\\\/serenityrgservices.com\\\/website_d825c278\\\/#\\\/schema\\\/logo\\\/image\\\/\",\"url\":\"https:\\\/\\\/i0.wp.com\\\/heroelitemedicalcenter.com\\\/wp-content\\\/uploads\\\/2024\\\/07\\\/IMG_3458-1-2.webp?fit=192%2C75&ssl=1\",\"contentUrl\":\"https:\\\/\\\/i0.wp.com\\\/heroelitemedicalcenter.com\\\/wp-content\\\/uploads\\\/2024\\\/07\\\/IMG_3458-1-2.webp?fit=192%2C75&ssl=1\",\"width\":192,\"height\":75,\"caption\":\"Hero Elite Medical Center\"},\"image\":{\"@id\":\"https:\\\/\\\/serenityrgservices.com\\\/website_d825c278\\\/#\\\/schema\\\/logo\\\/image\\\/\"}}]}<\/script>\n<!-- \/ Yoast SEO plugin. -->","yoast_head_json":{"title":"Medical Marijuana Card - Hero Elite Medical Center","robots":{"index":"index","follow":"follow","max-snippet":"max-snippet:-1","max-image-preview":"max-image-preview:large","max-video-preview":"max-video-preview:-1"},"canonical":"https:\/\/serenityrgservices.com\/website_d825c278\/medical-marijuana-card\/","og_locale":"es_ES","og_type":"article","og_title":"Medical Marijuana Card - Hero Elite Medical Center","og_description":"Medical Marijuana Card Same Day Approval Hero Elite Medical Center offers a streamlined process for obtaining a medical marijuana card, providing expedited access to this therapeutic option for eligible individuals. Medical marijuana has shown promise in alleviating symptoms associated with various medical conditions, ranging from chronic pain and anxiety to nausea and muscle spasms. We [&hellip;]","og_url":"https:\/\/serenityrgservices.com\/website_d825c278\/medical-marijuana-card\/","og_site_name":"Hero Elite Medical Center","article_modified_time":"2024-07-25T18:22:44+00:00","og_image":[{"url":"https:\/\/serenityrgservices.com\/website_d825c278\/wp-content\/uploads\/2024\/07\/pexels-mart-production-7089401-1024x683.jpg","type":"","width":"","height":""}],"twitter_card":"summary_large_image","twitter_misc":{"Tiempo de lectura":"2 minutos"},"schema":{"@context":"https:\/\/schema.org","@graph":[{"@type":"WebPage","@id":"https:\/\/serenityrgservices.com\/website_d825c278\/medical-marijuana-card\/","url":"https:\/\/serenityrgservices.com\/website_d825c278\/medical-marijuana-card\/","name":"Medical Marijuana Card - Hero Elite Medical Center","isPartOf":{"@id":"https:\/\/serenityrgservices.com\/website_d825c278\/#website"},"primaryImageOfPage":{"@id":"https:\/\/serenityrgservices.com\/website_d825c278\/medical-marijuana-card\/#primaryimage"},"image":{"@id":"https:\/\/serenityrgservices.com\/website_d825c278\/medical-marijuana-card\/#primaryimage"},"thumbnailUrl":"https:\/\/heroelitemedicalcenter.com\/wp-content\/uploads\/2024\/07\/pexels-mart-production-7089401-1024x683.jpg","datePublished":"2024-07-10T16:13:34+00:00","dateModified":"2024-07-25T18:22:44+00:00","breadcrumb":{"@id":"https:\/\/serenityrgservices.com\/website_d825c278\/medical-marijuana-card\/#breadcrumb"},"inLanguage":"es","potentialAction":[{"@type":"ReadAction","target":["https:\/\/serenityrgservices.com\/website_d825c278\/medical-marijuana-card\/"]}]},{"@type":"ImageObject","inLanguage":"es","@id":"https:\/\/serenityrgservices.com\/website_d825c278\/medical-marijuana-card\/#primaryimage","url":"https:\/\/heroelitemedicalcenter.com\/wp-content\/uploads\/2024\/07\/pexels-mart-production-7089401-1024x683.jpg","contentUrl":"https:\/\/heroelitemedicalcenter.com\/wp-content\/uploads\/2024\/07\/pexels-mart-production-7089401-1024x683.jpg"},{"@type":"BreadcrumbList","@id":"https:\/\/serenityrgservices.com\/website_d825c278\/medical-marijuana-card\/#breadcrumb","itemListElement":[{"@type":"ListItem","position":1,"name":"Home","item":"https:\/\/heroelitemedicalcenter.com\/"},{"@type":"ListItem","position":2,"name":"Medical Marijuana Card"}]},{"@type":"WebSite","@id":"https:\/\/serenityrgservices.com\/website_d825c278\/#website","url":"https:\/\/serenityrgservices.com\/website_d825c278\/","name":"Hero Elite Medical Center","description":"Hero Elite Medical Center offers a wide range of medical services with exceptional quality of care, ensuring your health is our priority.","publisher":{"@id":"https:\/\/serenityrgservices.com\/website_d825c278\/#organization"},"potentialAction":[{"@type":"SearchAction","target":{"@type":"EntryPoint","urlTemplate":"https:\/\/serenityrgservices.com\/website_d825c278\/?s={search_term_string}"},"query-input":{"@type":"PropertyValueSpecification","valueRequired":true,"valueName":"search_term_string"}}],"inLanguage":"es"},{"@type":"Organization","@id":"https:\/\/serenityrgservices.com\/website_d825c278\/#organization","name":"Hero Elite Medical Center","url":"https:\/\/serenityrgservices.com\/website_d825c278\/","logo":{"@type":"ImageObject","inLanguage":"es","@id":"https:\/\/serenityrgservices.com\/website_d825c278\/#\/schema\/logo\/image\/","url":"https:\/\/i0.wp.com\/heroelitemedicalcenter.com\/wp-content\/uploads\/2024\/07\/IMG_3458-1-2.webp?fit=192%2C75&ssl=1","contentUrl":"https:\/\/i0.wp.com\/heroelitemedicalcenter.com\/wp-content\/uploads\/2024\/07\/IMG_3458-1-2.webp?fit=192%2C75&ssl=1","width":192,"height":75,"caption":"Hero Elite Medical Center"},"image":{"@id":"https:\/\/serenityrgservices.com\/website_d825c278\/#\/schema\/logo\/image\/"}}]}},"jetpack_sharing_enabled":true,"_links":{"self":[{"href":"https:\/\/heroelitemedicalcenter.com\/es\/wp-json\/wp\/v2\/pages\/241","targetHints":{"allow":["GET"]}}],"collection":[{"href":"https:\/\/heroelitemedicalcenter.com\/es\/wp-json\/wp\/v2\/pages"}],"about":[{"href":"https:\/\/heroelitemedicalcenter.com\/es\/wp-json\/wp\/v2\/types\/page"}],"author":[{"embeddable":true,"href":"https:\/\/heroelitemedicalcenter.com\/es\/wp-json\/wp\/v2\/users\/1"}],"replies":[{"embeddable":true,"href":"https:\/\/heroelitemedicalcenter.com\/es\/wp-json\/wp\/v2\/comments?post=241"}],"version-history":[{"count":5,"href":"https:\/\/heroelitemedicalcenter.com\/es\/wp-json\/wp\/v2\/pages\/241\/revisions"}],"predecessor-version":[{"id":560,"href":"https:\/\/heroelitemedicalcenter.com\/es\/wp-json\/wp\/v2\/pages\/241\/revisions\/560"}],"wp:attachment":[{"href":"https:\/\/heroelitemedicalcenter.com\/es\/wp-json\/wp\/v2\/media?parent=241"}],"curies":[{"name":"wp","href":"https:\/\/api.w.org\/{rel}","templated":true}]}}