{"id":196,"date":"2024-07-10T15:27:52","date_gmt":"2024-07-10T15:27:52","guid":{"rendered":"https:\/\/serenityrgservices.com\/website_d825c278\/?page_id=196"},"modified":"2024-07-25T18:22:50","modified_gmt":"2024-07-25T18:22:50","slug":"health-and-wellness","status":"publish","type":"page","link":"https:\/\/heroelitemedicalcenter.com\/es\/health-and-wellness\/","title":{"rendered":"SALUD Y BIENESTAR"},"content":{"rendered":"<div data-elementor-type=\"wp-page\" data-elementor-id=\"196\" class=\"elementor elementor-196\">\n\t\t\t\t<div class=\"elementor-element elementor-element-e71489d e-con-full e-flex e-con e-parent\" data-id=\"e71489d\" data-element_type=\"container\" data-e-type=\"container\" data-settings=\"{&quot;background_background&quot;:&quot;classic&quot;}\">\n\t\t\t\t<div class=\"elementor-element elementor-element-eed07d0 elementor-widget elementor-widget-heading\" data-id=\"eed07d0\" data-element_type=\"widget\" data-e-type=\"widget\" data-widget_type=\"heading.default\">\n\t\t\t\t<div class=\"elementor-widget-container\">\n\t\t\t\t\t<h1 class=\"elementor-heading-title elementor-size-default\">SALUD Y BIENESTAR <\/h1>\t\t\t\t<\/div>\n\t\t\t\t<\/div>\n\t\t\t\t<\/div>\n\t\t<div class=\"elementor-element elementor-element-9a95d70 e-con-full e-flex e-con e-parent\" data-id=\"9a95d70\" data-element_type=\"container\" data-e-type=\"container\">\n\t\t<div class=\"elementor-element elementor-element-7ec2ee6 e-con-full e-flex e-con e-child\" data-id=\"7ec2ee6\" data-element_type=\"container\" data-e-type=\"container\">\n\t\t\t\t<div class=\"elementor-element elementor-element-9e87b95 elementor-invisible elementor-widget elementor-widget-heading\" data-id=\"9e87b95\" data-element_type=\"widget\" data-e-type=\"widget\" data-settings=\"{&quot;_animation&quot;:&quot;fadeInLeft&quot;}\" data-widget_type=\"heading.default\">\n\t\t\t\t<div class=\"elementor-widget-container\">\n\t\t\t\t\t<h2 class=\"elementor-heading-title elementor-size-default\">TRATAMIENTO DE INFUSI\u00d3N<\/h2>\t\t\t\t<\/div>\n\t\t\t\t<\/div>\n\t\t\t\t<div class=\"elementor-element elementor-element-2cdfcc1 elementor-invisible elementor-widget elementor-widget-text-editor\" data-id=\"2cdfcc1\" data-element_type=\"widget\" data-e-type=\"widget\" data-settings=\"{&quot;_animation&quot;:&quot;fadeInLeft&quot;}\" data-widget_type=\"text-editor.default\">\n\t\t\t\t<div class=\"elementor-widget-container\">\n\t\t\t\t\t\t\t\t\t<p><span style=\"font-weight: 400;\">Hero Elite Medical Center ofrece una amplia gama de servicios especializados de salud y bienestar dise\u00f1ados para mejorar el bienestar general y abordar objetivos de salud espec\u00edficos. Nuestras ofertas incluyen tratamientos de infusi\u00f3n avanzados y terapias intramusculares dise\u00f1adas para satisfacer diversas necesidades individuales.<\/span><\/p><p><span style=\"font-weight: 400;\">Uno de nuestros servicios exclusivos son los tratamientos de infusi\u00f3n, que implican la administraci\u00f3n intravenosa de l\u00edquidos, vitaminas, minerales y medicamentos directamente en el torrente sangu\u00edneo. Estos tratamientos est\u00e1n cuidadosamente formulados para brindar una r\u00e1pida absorci\u00f3n y beneficios espec\u00edficos, como aumentar los niveles de energ\u00eda, mejorar la funci\u00f3n inmune y promover la hidrataci\u00f3n y la desintoxicaci\u00f3n.<\/span><\/p>\t\t\t\t\t\t\t\t<\/div>\n\t\t\t\t<\/div>\n\t\t\t\t<div class=\"elementor-element elementor-element-d48e650 elementor-invisible elementor-widget elementor-widget-image\" data-id=\"d48e650\" data-element_type=\"widget\" data-e-type=\"widget\" data-settings=\"{&quot;_animation&quot;:&quot;fadeInRight&quot;}\" data-widget_type=\"image.default\">\n\t\t\t\t<div class=\"elementor-widget-container\">\n\t\t\t\t\t\t\t\t\t\t\t\t<figure class=\"wp-caption\">\n\t\t\t\t\t\t\t\t\t\t<img decoding=\"async\" src=\"https:\/\/i0.wp.com\/heroelitemedicalcenter.com\/wp-content\/uploads\/2024\/07\/doctor-vaccinating-patient-clinic.jpg?fit=1024%2C1024&amp;ssl=1\" class=\"attachment-large size-large wp-image-215\" alt=\"\" \/>\t\t\t\t\t\t\t\t\t\t\t<figcaption class=\"widget-image-caption wp-caption-text\">Designed by Freepik<\/figcaption>\n\t\t\t\t\t\t\t\t\t\t<\/figure>\n\t\t\t\t\t\t\t\t\t<\/div>\n\t\t\t\t<\/div>\n\t\t\t\t<\/div>\n\t\t<div class=\"elementor-element elementor-element-1afd2ff e-con-full e-flex e-con e-child\" data-id=\"1afd2ff\" data-element_type=\"container\" data-e-type=\"container\">\n\t\t\t\t<div class=\"elementor-element elementor-element-1f697ed elementor-invisible elementor-widget elementor-widget-image\" data-id=\"1f697ed\" data-element_type=\"widget\" data-e-type=\"widget\" data-settings=\"{&quot;_animation&quot;:&quot;fadeInRight&quot;}\" data-widget_type=\"image.default\">\n\t\t\t\t<div class=\"elementor-widget-container\">\n\t\t\t\t\t\t\t\t\t\t\t\t<figure class=\"wp-caption\">\n\t\t\t\t\t\t\t\t\t\t<img fetchpriority=\"high\" decoding=\"async\" width=\"1024\" height=\"683\" src=\"https:\/\/i0.wp.com\/heroelitemedicalcenter.com\/wp-content\/uploads\/2024\/07\/medium-shot-doctor-checking-perfusion-scaled.jpg?fit=1024%2C683&amp;ssl=1\" class=\"attachment-large size-large wp-image-214\" alt=\"\" srcset=\"https:\/\/i0.wp.com\/heroelitemedicalcenter.com\/wp-content\/uploads\/2024\/07\/medium-shot-doctor-checking-perfusion-scaled.jpg?w=2560&amp;ssl=1 2560w, https:\/\/i0.wp.com\/heroelitemedicalcenter.com\/wp-content\/uploads\/2024\/07\/medium-shot-doctor-checking-perfusion-scaled.jpg?resize=300%2C200&amp;ssl=1 300w, https:\/\/i0.wp.com\/heroelitemedicalcenter.com\/wp-content\/uploads\/2024\/07\/medium-shot-doctor-checking-perfusion-scaled.jpg?resize=1024%2C683&amp;ssl=1 1024w, https:\/\/i0.wp.com\/heroelitemedicalcenter.com\/wp-content\/uploads\/2024\/07\/medium-shot-doctor-checking-perfusion-scaled.jpg?resize=768%2C512&amp;ssl=1 768w, https:\/\/i0.wp.com\/heroelitemedicalcenter.com\/wp-content\/uploads\/2024\/07\/medium-shot-doctor-checking-perfusion-scaled.jpg?resize=1536%2C1024&amp;ssl=1 1536w, https:\/\/i0.wp.com\/heroelitemedicalcenter.com\/wp-content\/uploads\/2024\/07\/medium-shot-doctor-checking-perfusion-scaled.jpg?w=2400&amp;ssl=1 2400w\" sizes=\"(max-width: 1024px) 100vw, 1024px\" \/>\t\t\t\t\t\t\t\t\t\t\t<figcaption class=\"widget-image-caption wp-caption-text\">designed by freepik<\/figcaption>\n\t\t\t\t\t\t\t\t\t\t<\/figure>\n\t\t\t\t\t\t\t\t\t<\/div>\n\t\t\t\t<\/div>\n\t\t\t\t<div class=\"elementor-element elementor-element-8d0c346 elementor-invisible elementor-widget elementor-widget-heading\" data-id=\"8d0c346\" data-element_type=\"widget\" data-e-type=\"widget\" data-settings=\"{&quot;_animation&quot;:&quot;fadeInLeft&quot;}\" data-widget_type=\"heading.default\">\n\t\t\t\t<div class=\"elementor-widget-container\">\n\t\t\t\t\t<h2 class=\"elementor-heading-title elementor-size-default\">TRATAMIENTO INTRAMUSCULAR<\/h2>\t\t\t\t<\/div>\n\t\t\t\t<\/div>\n\t\t\t\t<div class=\"elementor-element elementor-element-d450671 elementor-invisible elementor-widget elementor-widget-text-editor\" data-id=\"d450671\" data-element_type=\"widget\" data-e-type=\"widget\" data-settings=\"{&quot;_animation&quot;:&quot;fadeInLeft&quot;}\" data-widget_type=\"text-editor.default\">\n\t\t\t\t<div class=\"elementor-widget-container\">\n\t\t\t\t\t\t\t\t\t<p><span style=\"font-weight: 400;\">Adem\u00e1s de las terapias de infusi\u00f3n, tambi\u00e9n ofrecemos tratamientos intramusculares dise\u00f1ados para respaldar diversos objetivos de salud. Esto incluye tratamientos para quemar grasa utilizando medicamentos como Adipex (fentermina), Semaglutida y Mounjaro, que se recetan bajo supervisi\u00f3n m\u00e9dica para ayudar eficazmente en los esfuerzos de p\u00e9rdida de peso.<\/span><\/p><p><span style=\"font-weight: 400;\">Para el rejuvenecimiento hormonal en la mujer y hombres , Hero Elite Medical Center  ofrece tratamientos especializados para reequilibrar los niveles hormonales y aliviar los s\u00edntomas asociados con los desequilibrios hormonales o la menopausia. Estos tratamientos son personalizados para abordar problemas de salud individuales y mejorar la calidad de vida general.<\/span><\/p><p><span style=\"font-weight: 400;\">Adem\u00e1s, Hero Elite Medical Center ofrece terapias destinadas a mejorar la libido, aumentar la masa muscular y mejorar la potencia sexual. Se ofrecen tratamientos como la terapia de reemplazo de testosterona para optimizar los niveles hormonales en los hombres, abordando afecciones como los niveles bajos de testosterona que pueden afectar la salud y la vitalidad sexual.<\/span><\/p>\t\t\t\t\t\t\t\t<\/div>\n\t\t\t\t<\/div>\n\t\t\t\t<\/div>\n\t\t\t\t<\/div>\n\t\t<div class=\"elementor-element elementor-element-2278034 e-con-full e-flex e-con e-parent\" data-id=\"2278034\" data-element_type=\"container\" data-e-type=\"container\">\n\t\t<div class=\"elementor-element elementor-element-4b0606d e-con-full e-flex e-con e-child\" data-id=\"4b0606d\" data-element_type=\"container\" data-e-type=\"container\" data-settings=\"{&quot;background_background&quot;:&quot;classic&quot;}\">\n\t\t<div class=\"elementor-element elementor-element-36fefab e-con-full e-flex e-con e-child\" data-id=\"36fefab\" data-element_type=\"container\" data-e-type=\"container\" data-settings=\"{&quot;background_background&quot;:&quot;classic&quot;,&quot;animation&quot;:&quot;none&quot;}\">\n\t\t\t\t<div class=\"elementor-element elementor-element-1da7882 elementor-widget__width-initial elementor-invisible elementor-widget elementor-widget-heading\" data-id=\"1da7882\" data-element_type=\"widget\" data-e-type=\"widget\" data-settings=\"{&quot;_animation&quot;:&quot;fadeInDown&quot;}\" data-widget_type=\"heading.default\">\n\t\t\t\t<div class=\"elementor-widget-container\">\n\t\t\t\t\t<h2 class=\"elementor-heading-title elementor-size-default\">SIEMPRE ESTAMOS AQU\u00cd PARA AYUDAR<\/h2>\t\t\t\t<\/div>\n\t\t\t\t<\/div>\n\t\t\t\t<div class=\"elementor-element elementor-element-601f7ed elementor-widget__width-initial elementor-invisible elementor-widget elementor-widget-heading\" data-id=\"601f7ed\" data-element_type=\"widget\" data-e-type=\"widget\" data-settings=\"{&quot;_animation&quot;:&quot;fadeInRight&quot;}\" data-widget_type=\"heading.default\">\n\t\t\t\t<div class=\"elementor-widget-container\">\n\t\t\t\t\t<h3 class=\"elementor-heading-title elementor-size-default\">Aqu\u00ed en Hero Elite Medical Center, nos enorgullecemos de ser uno de los principales proveedores de atenci\u00f3n m\u00e9dica primaria. No escatimamos gastos para brindarles a nuestros pacientes la atenci\u00f3n oportuna y flexible que necesitan. Ponte en contacto con nosotros para conocer nuestros servicios y c\u00f3mo podemos ayudarte.<\/h3>\t\t\t\t<\/div>\n\t\t\t\t<\/div>\n\t\t\t\t<div class=\"elementor-element elementor-element-19a39cc elementor-align-left elementor-invisible elementor-widget elementor-widget-button\" data-id=\"19a39cc\" data-element_type=\"widget\" data-e-type=\"widget\" data-settings=\"{&quot;_animation&quot;:&quot;fadeInUp&quot;,&quot;_animation_delay&quot;:400}\" data-widget_type=\"button.default\">\n\t\t\t\t<div class=\"elementor-widget-container\">\n\t\t\t\t\t\t\t\t\t<div class=\"elementor-button-wrapper\">\n\t\t\t\t\t<a class=\"elementor-button elementor-button-link elementor-size-sm\" href=\"https:\/\/heroelitemedicalcenter.com\/es\/contact-us\/\">\n\t\t\t\t\t\t<span class=\"elementor-button-content-wrapper\">\n\t\t\t\t\t\t\t\t\t<span class=\"elementor-button-text\">CONT\u00c1CTENOS<\/span>\n\t\t\t\t\t<\/span>\n\t\t\t\t\t<\/a>\n\t\t\t\t<\/div>\n\t\t\t\t\t\t\t\t<\/div>\n\t\t\t\t<\/div>\n\t\t\t\t<\/div>\n\t\t\t\t<\/div>\n\t\t\t\t<\/div>\n\t\t\t\t<\/div>","protected":false},"excerpt":{"rendered":"<p>Health And Wellness Infusion treatment Hero Elite Medical Center offers a wide range of specialized health and wellness services designed to enhance overall well-being and address specific health goals. Our offerings include advanced infusion treatments and intramuscular therapies tailored to meet diverse individual needs. One of our signature services is infusion treatments, which involve the [&hellip;]<\/p>\n","protected":false},"author":1,"featured_media":0,"parent":0,"menu_order":0,"comment_status":"closed","ping_status":"closed","template":"elementor_header_footer","meta":{"nf_dc_page":"","ocean_post_layout":"","ocean_both_sidebars_style":"","ocean_both_sidebars_content_width":0,"ocean_both_sidebars_sidebars_width":0,"ocean_sidebar":"","ocean_second_sidebar":"","ocean_disable_margins":"enable","ocean_add_body_class":"","ocean_shortcode_before_top_bar":"","ocean_shortcode_after_top_bar":"","ocean_shortcode_before_header":"","ocean_shortcode_after_header":"","ocean_has_shortcode":"","ocean_shortcode_after_title":"","ocean_shortcode_before_footer_widgets":"","ocean_shortcode_after_footer_widgets":"","ocean_shortcode_before_footer_bottom":"","ocean_shortcode_after_footer_bottom":"","ocean_display_top_bar":"default","ocean_display_header":"default","ocean_header_style":"","ocean_center_header_left_menu":"","ocean_custom_header_template":"","ocean_custom_logo":0,"ocean_custom_retina_logo":0,"ocean_custom_logo_max_width":0,"ocean_custom_logo_tablet_max_width":0,"ocean_custom_logo_mobile_max_width":0,"ocean_custom_logo_max_height":0,"ocean_custom_logo_tablet_max_height":0,"ocean_custom_logo_mobile_max_height":0,"ocean_header_custom_menu":"","ocean_menu_typo_font_family":"","ocean_menu_typo_font_subset":"","ocean_menu_typo_font_size":0,"ocean_menu_typo_font_size_tablet":0,"ocean_menu_typo_font_size_mobile":0,"ocean_menu_typo_font_size_unit":"px","ocean_menu_typo_font_weight":"","ocean_menu_typo_font_weight_tablet":"","ocean_menu_typo_font_weight_mobile":"","ocean_menu_typo_transform":"","ocean_menu_typo_transform_tablet":"","ocean_menu_typo_transform_mobile":"","ocean_menu_typo_line_height":0,"ocean_menu_typo_line_height_tablet":0,"ocean_menu_typo_line_height_mobile":0,"ocean_menu_typo_line_height_unit":"","ocean_menu_typo_spacing":0,"ocean_menu_typo_spacing_tablet":0,"ocean_menu_typo_spacing_mobile":0,"ocean_menu_typo_spacing_unit":"","ocean_menu_link_color":"","ocean_menu_link_color_hover":"","ocean_menu_link_color_active":"","ocean_menu_link_background":"","ocean_menu_link_hover_background":"","ocean_menu_link_active_background":"","ocean_menu_social_links_bg":"","ocean_menu_social_hover_links_bg":"","ocean_menu_social_links_color":"","ocean_menu_social_hover_links_color":"","ocean_disable_title":"on","ocean_disable_heading":"default","ocean_post_title":"","ocean_post_subheading":"","ocean_post_title_style":"","ocean_post_title_background_color":"","ocean_post_title_background":0,"ocean_post_title_bg_image_position":"","ocean_post_title_bg_image_attachment":"","ocean_post_title_bg_image_repeat":"","ocean_post_title_bg_image_size":"","ocean_post_title_height":0,"ocean_post_title_bg_overlay":0.5,"ocean_post_title_bg_overlay_color":"","ocean_disable_breadcrumbs":"off","ocean_breadcrumbs_color":"","ocean_breadcrumbs_separator_color":"","ocean_breadcrumbs_links_color":"","ocean_breadcrumbs_links_hover_color":"","ocean_display_footer_widgets":"default","ocean_display_footer_bottom":"default","ocean_custom_footer_template":"","footnotes":""},"class_list":["post-196","page","type-page","status-publish","hentry","entry"],"yoast_head":"<!-- This site is optimized with the Yoast SEO plugin v27.5 - https:\/\/yoast.com\/product\/yoast-seo-wordpress\/ -->\n<title>Health And Wellness - Hero Elite Medical Center<\/title>\n<meta name=\"robots\" content=\"index, follow, max-snippet:-1, max-image-preview:large, max-video-preview:-1\" \/>\n<link rel=\"canonical\" href=\"https:\/\/serenityrgservices.com\/website_d825c278\/health-and-wellness\/\" \/>\n<meta property=\"og:locale\" content=\"es_ES\" \/>\n<meta property=\"og:type\" content=\"article\" \/>\n<meta property=\"og:title\" content=\"Health And Wellness - Hero Elite Medical Center\" \/>\n<meta property=\"og:description\" content=\"Health And Wellness Infusion treatment Hero Elite Medical Center offers a wide range of specialized health and wellness services designed to enhance overall well-being and address specific health goals. Our offerings include advanced infusion treatments and intramuscular therapies tailored to meet diverse individual needs. One of our signature services is infusion treatments, which involve the [&hellip;]\" \/>\n<meta property=\"og:url\" content=\"https:\/\/serenityrgservices.com\/website_d825c278\/health-and-wellness\/\" \/>\n<meta property=\"og:site_name\" content=\"Hero Elite Medical Center\" \/>\n<meta property=\"article:modified_time\" content=\"2024-07-25T18:22:50+00:00\" \/>\n<meta property=\"og:image\" content=\"https:\/\/serenityrgservices.com\/website_d825c278\/wp-content\/uploads\/2024\/07\/doctor-vaccinating-patient-clinic.jpg\" \/>\n<meta name=\"twitter:card\" content=\"summary_large_image\" \/>\n<meta name=\"twitter:label1\" content=\"Tiempo de lectura\" \/>\n\t<meta name=\"twitter:data1\" content=\"2 minutos\" \/>\n<script type=\"application\/ld+json\" class=\"yoast-schema-graph\">{\"@context\":\"https:\\\/\\\/schema.org\",\"@graph\":[{\"@type\":\"WebPage\",\"@id\":\"https:\\\/\\\/serenityrgservices.com\\\/website_d825c278\\\/health-and-wellness\\\/\",\"url\":\"https:\\\/\\\/serenityrgservices.com\\\/website_d825c278\\\/health-and-wellness\\\/\",\"name\":\"Health And Wellness - Hero Elite Medical Center\",\"isPartOf\":{\"@id\":\"https:\\\/\\\/serenityrgservices.com\\\/website_d825c278\\\/#website\"},\"primaryImageOfPage\":{\"@id\":\"https:\\\/\\\/serenityrgservices.com\\\/website_d825c278\\\/health-and-wellness\\\/#primaryimage\"},\"image\":{\"@id\":\"https:\\\/\\\/serenityrgservices.com\\\/website_d825c278\\\/health-and-wellness\\\/#primaryimage\"},\"thumbnailUrl\":\"https:\\\/\\\/heroelitemedicalcenter.com\\\/wp-content\\\/uploads\\\/2024\\\/07\\\/doctor-vaccinating-patient-clinic.jpg\",\"datePublished\":\"2024-07-10T15:27:52+00:00\",\"dateModified\":\"2024-07-25T18:22:50+00:00\",\"breadcrumb\":{\"@id\":\"https:\\\/\\\/serenityrgservices.com\\\/website_d825c278\\\/health-and-wellness\\\/#breadcrumb\"},\"inLanguage\":\"es\",\"potentialAction\":[{\"@type\":\"ReadAction\",\"target\":[\"https:\\\/\\\/serenityrgservices.com\\\/website_d825c278\\\/health-and-wellness\\\/\"]}]},{\"@type\":\"ImageObject\",\"inLanguage\":\"es\",\"@id\":\"https:\\\/\\\/serenityrgservices.com\\\/website_d825c278\\\/health-and-wellness\\\/#primaryimage\",\"url\":\"https:\\\/\\\/heroelitemedicalcenter.com\\\/wp-content\\\/uploads\\\/2024\\\/07\\\/doctor-vaccinating-patient-clinic.jpg\",\"contentUrl\":\"https:\\\/\\\/heroelitemedicalcenter.com\\\/wp-content\\\/uploads\\\/2024\\\/07\\\/doctor-vaccinating-patient-clinic.jpg\"},{\"@type\":\"BreadcrumbList\",\"@id\":\"https:\\\/\\\/serenityrgservices.com\\\/website_d825c278\\\/health-and-wellness\\\/#breadcrumb\",\"itemListElement\":[{\"@type\":\"ListItem\",\"position\":1,\"name\":\"Home\",\"item\":\"https:\\\/\\\/heroelitemedicalcenter.com\\\/\"},{\"@type\":\"ListItem\",\"position\":2,\"name\":\"Health And Wellness\"}]},{\"@type\":\"WebSite\",\"@id\":\"https:\\\/\\\/serenityrgservices.com\\\/website_d825c278\\\/#website\",\"url\":\"https:\\\/\\\/serenityrgservices.com\\\/website_d825c278\\\/\",\"name\":\"Hero Elite Medical Center\",\"description\":\"Hero Elite Medical Center offers a wide range of medical services with exceptional quality of care, ensuring your health is our priority.\",\"publisher\":{\"@id\":\"https:\\\/\\\/serenityrgservices.com\\\/website_d825c278\\\/#organization\"},\"potentialAction\":[{\"@type\":\"SearchAction\",\"target\":{\"@type\":\"EntryPoint\",\"urlTemplate\":\"https:\\\/\\\/serenityrgservices.com\\\/website_d825c278\\\/?s={search_term_string}\"},\"query-input\":{\"@type\":\"PropertyValueSpecification\",\"valueRequired\":true,\"valueName\":\"search_term_string\"}}],\"inLanguage\":\"es\"},{\"@type\":\"Organization\",\"@id\":\"https:\\\/\\\/serenityrgservices.com\\\/website_d825c278\\\/#organization\",\"name\":\"Hero Elite Medical Center\",\"url\":\"https:\\\/\\\/serenityrgservices.com\\\/website_d825c278\\\/\",\"logo\":{\"@type\":\"ImageObject\",\"inLanguage\":\"es\",\"@id\":\"https:\\\/\\\/serenityrgservices.com\\\/website_d825c278\\\/#\\\/schema\\\/logo\\\/image\\\/\",\"url\":\"https:\\\/\\\/i0.wp.com\\\/heroelitemedicalcenter.com\\\/wp-content\\\/uploads\\\/2024\\\/07\\\/IMG_3458-1-2.webp?fit=192%2C75&ssl=1\",\"contentUrl\":\"https:\\\/\\\/i0.wp.com\\\/heroelitemedicalcenter.com\\\/wp-content\\\/uploads\\\/2024\\\/07\\\/IMG_3458-1-2.webp?fit=192%2C75&ssl=1\",\"width\":192,\"height\":75,\"caption\":\"Hero Elite Medical Center\"},\"image\":{\"@id\":\"https:\\\/\\\/serenityrgservices.com\\\/website_d825c278\\\/#\\\/schema\\\/logo\\\/image\\\/\"}}]}<\/script>\n<!-- \/ Yoast SEO plugin. -->","yoast_head_json":{"title":"Health And Wellness - Hero Elite Medical Center","robots":{"index":"index","follow":"follow","max-snippet":"max-snippet:-1","max-image-preview":"max-image-preview:large","max-video-preview":"max-video-preview:-1"},"canonical":"https:\/\/serenityrgservices.com\/website_d825c278\/health-and-wellness\/","og_locale":"es_ES","og_type":"article","og_title":"Health And Wellness - Hero Elite Medical Center","og_description":"Health And Wellness Infusion treatment Hero Elite Medical Center offers a wide range of specialized health and wellness services designed to enhance overall well-being and address specific health goals. Our offerings include advanced infusion treatments and intramuscular therapies tailored to meet diverse individual needs. One of our signature services is infusion treatments, which involve the [&hellip;]","og_url":"https:\/\/serenityrgservices.com\/website_d825c278\/health-and-wellness\/","og_site_name":"Hero Elite Medical Center","article_modified_time":"2024-07-25T18:22:50+00:00","og_image":[{"url":"https:\/\/serenityrgservices.com\/website_d825c278\/wp-content\/uploads\/2024\/07\/doctor-vaccinating-patient-clinic.jpg","type":"","width":"","height":""}],"twitter_card":"summary_large_image","twitter_misc":{"Tiempo de lectura":"2 minutos"},"schema":{"@context":"https:\/\/schema.org","@graph":[{"@type":"WebPage","@id":"https:\/\/serenityrgservices.com\/website_d825c278\/health-and-wellness\/","url":"https:\/\/serenityrgservices.com\/website_d825c278\/health-and-wellness\/","name":"Health And Wellness - Hero Elite Medical Center","isPartOf":{"@id":"https:\/\/serenityrgservices.com\/website_d825c278\/#website"},"primaryImageOfPage":{"@id":"https:\/\/serenityrgservices.com\/website_d825c278\/health-and-wellness\/#primaryimage"},"image":{"@id":"https:\/\/serenityrgservices.com\/website_d825c278\/health-and-wellness\/#primaryimage"},"thumbnailUrl":"https:\/\/heroelitemedicalcenter.com\/wp-content\/uploads\/2024\/07\/doctor-vaccinating-patient-clinic.jpg","datePublished":"2024-07-10T15:27:52+00:00","dateModified":"2024-07-25T18:22:50+00:00","breadcrumb":{"@id":"https:\/\/serenityrgservices.com\/website_d825c278\/health-and-wellness\/#breadcrumb"},"inLanguage":"es","potentialAction":[{"@type":"ReadAction","target":["https:\/\/serenityrgservices.com\/website_d825c278\/health-and-wellness\/"]}]},{"@type":"ImageObject","inLanguage":"es","@id":"https:\/\/serenityrgservices.com\/website_d825c278\/health-and-wellness\/#primaryimage","url":"https:\/\/heroelitemedicalcenter.com\/wp-content\/uploads\/2024\/07\/doctor-vaccinating-patient-clinic.jpg","contentUrl":"https:\/\/heroelitemedicalcenter.com\/wp-content\/uploads\/2024\/07\/doctor-vaccinating-patient-clinic.jpg"},{"@type":"BreadcrumbList","@id":"https:\/\/serenityrgservices.com\/website_d825c278\/health-and-wellness\/#breadcrumb","itemListElement":[{"@type":"ListItem","position":1,"name":"Home","item":"https:\/\/heroelitemedicalcenter.com\/"},{"@type":"ListItem","position":2,"name":"Health And Wellness"}]},{"@type":"WebSite","@id":"https:\/\/serenityrgservices.com\/website_d825c278\/#website","url":"https:\/\/serenityrgservices.com\/website_d825c278\/","name":"Hero Elite Medical Center","description":"Hero Elite Medical Center offers a wide range of medical services with exceptional quality of care, ensuring your health is our priority.","publisher":{"@id":"https:\/\/serenityrgservices.com\/website_d825c278\/#organization"},"potentialAction":[{"@type":"SearchAction","target":{"@type":"EntryPoint","urlTemplate":"https:\/\/serenityrgservices.com\/website_d825c278\/?s={search_term_string}"},"query-input":{"@type":"PropertyValueSpecification","valueRequired":true,"valueName":"search_term_string"}}],"inLanguage":"es"},{"@type":"Organization","@id":"https:\/\/serenityrgservices.com\/website_d825c278\/#organization","name":"Hero Elite Medical Center","url":"https:\/\/serenityrgservices.com\/website_d825c278\/","logo":{"@type":"ImageObject","inLanguage":"es","@id":"https:\/\/serenityrgservices.com\/website_d825c278\/#\/schema\/logo\/image\/","url":"https:\/\/i0.wp.com\/heroelitemedicalcenter.com\/wp-content\/uploads\/2024\/07\/IMG_3458-1-2.webp?fit=192%2C75&ssl=1","contentUrl":"https:\/\/i0.wp.com\/heroelitemedicalcenter.com\/wp-content\/uploads\/2024\/07\/IMG_3458-1-2.webp?fit=192%2C75&ssl=1","width":192,"height":75,"caption":"Hero Elite Medical Center"},"image":{"@id":"https:\/\/serenityrgservices.com\/website_d825c278\/#\/schema\/logo\/image\/"}}]}},"jetpack_sharing_enabled":true,"_links":{"self":[{"href":"https:\/\/heroelitemedicalcenter.com\/es\/wp-json\/wp\/v2\/pages\/196","targetHints":{"allow":["GET"]}}],"collection":[{"href":"https:\/\/heroelitemedicalcenter.com\/es\/wp-json\/wp\/v2\/pages"}],"about":[{"href":"https:\/\/heroelitemedicalcenter.com\/es\/wp-json\/wp\/v2\/types\/page"}],"author":[{"embeddable":true,"href":"https:\/\/heroelitemedicalcenter.com\/es\/wp-json\/wp\/v2\/users\/1"}],"replies":[{"embeddable":true,"href":"https:\/\/heroelitemedicalcenter.com\/es\/wp-json\/wp\/v2\/comments?post=196"}],"version-history":[{"count":5,"href":"https:\/\/heroelitemedicalcenter.com\/es\/wp-json\/wp\/v2\/pages\/196\/revisions"}],"predecessor-version":[{"id":563,"href":"https:\/\/heroelitemedicalcenter.com\/es\/wp-json\/wp\/v2\/pages\/196\/revisions\/563"}],"wp:attachment":[{"href":"https:\/\/heroelitemedicalcenter.com\/es\/wp-json\/wp\/v2\/media?parent=196"}],"curies":[{"name":"wp","href":"https:\/\/api.w.org\/{rel}","templated":true}]}}