{"id":173,"date":"2024-07-10T13:01:16","date_gmt":"2024-07-10T13:01:16","guid":{"rendered":"https:\/\/serenityrgservices.com\/website_d825c278\/?page_id=173"},"modified":"2024-07-29T16:00:00","modified_gmt":"2024-07-29T16:00:00","slug":"cosmetic-treatments","status":"publish","type":"page","link":"https:\/\/heroelitemedicalcenter.com\/es\/cosmetic-treatments\/","title":{"rendered":"TRATAMIENTOS COSM\u00c9TICOS"},"content":{"rendered":"<div data-elementor-type=\"wp-page\" data-elementor-id=\"173\" class=\"elementor elementor-173\">\n\t\t\t\t<div class=\"elementor-element elementor-element-7106a8e e-flex e-con-boxed e-con e-parent\" data-id=\"7106a8e\" data-element_type=\"container\" data-e-type=\"container\" data-settings=\"{&quot;background_background&quot;:&quot;classic&quot;}\">\n\t\t\t\t\t<div class=\"e-con-inner\">\n\t\t\t\t<div class=\"elementor-element elementor-element-d44bafe elementor-widget elementor-widget-heading\" data-id=\"d44bafe\" data-element_type=\"widget\" data-e-type=\"widget\" data-widget_type=\"heading.default\">\n\t\t\t\t<div class=\"elementor-widget-container\">\n\t\t\t\t\t<h2 class=\"elementor-heading-title elementor-size-default\">TRATAMIENTOS COSM\u00c9TICOS<\/h2>\t\t\t\t<\/div>\n\t\t\t\t<\/div>\n\t\t\t\t\t<\/div>\n\t\t\t\t<\/div>\n\t\t<div class=\"elementor-element elementor-element-8e3514d e-con-full e-flex e-con e-parent\" data-id=\"8e3514d\" data-element_type=\"container\" data-e-type=\"container\">\n\t\t<div class=\"elementor-element elementor-element-776f90b e-con-full e-flex e-con e-child\" data-id=\"776f90b\" data-element_type=\"container\" data-e-type=\"container\">\n\t\t\t\t<div class=\"elementor-element elementor-element-f930ba2 elementor-invisible elementor-widget elementor-widget-heading\" data-id=\"f930ba2\" data-element_type=\"widget\" data-e-type=\"widget\" data-settings=\"{&quot;_animation&quot;:&quot;fadeInLeft&quot;}\" data-widget_type=\"heading.default\">\n\t\t\t\t<div class=\"elementor-widget-container\">\n\t\t\t\t\t<h2 class=\"elementor-heading-title elementor-size-default\">BOTOX Y RELLENOS<\/h2>\t\t\t\t<\/div>\n\t\t\t\t<\/div>\n\t\t\t\t<div class=\"elementor-element elementor-element-d56c11a elementor-invisible elementor-widget elementor-widget-text-editor\" data-id=\"d56c11a\" data-element_type=\"widget\" data-e-type=\"widget\" data-settings=\"{&quot;_animation&quot;:&quot;fadeInLeft&quot;}\" data-widget_type=\"text-editor.default\">\n\t\t\t\t<div class=\"elementor-widget-container\">\n\t\t\t\t\t\t\t\t\t<p><span style=\"font-weight: 400;\">Hero Elite Medical Center es un proveedor confiable de servicios m\u00e9dicos cosm\u00e9ticos avanzados, que se especializa en tratamientos no quir\u00fargicos que realzan la belleza natural y rejuvenecen la piel.<\/span><\/p><p><span style=\"font-weight: 400;\">Una de nuestras principales ofertas es Botox, un tratamiento ampliamente reconocido para reducir la apariencia de arrugas y l\u00edneas finas. Administradas por profesionales autorizados, las inyecciones de Botox funcionan relajando temporalmente los m\u00fasculos faciales y suavizando las l\u00edneas alrededor de la frente, los ojos y la boca. Garantizamos una aplicaci\u00f3n precisa para lograr resultados de apariencia natural adaptados a los objetivos est\u00e9ticos de cada cliente.<\/span><\/p><p>\u00a0<\/p>\t\t\t\t\t\t\t\t<\/div>\n\t\t\t\t<\/div>\n\t\t\t\t<div class=\"elementor-element elementor-element-c0f39df elementor-invisible elementor-widget elementor-widget-image\" data-id=\"c0f39df\" data-element_type=\"widget\" data-e-type=\"widget\" data-settings=\"{&quot;_animation&quot;:&quot;fadeInRight&quot;}\" data-widget_type=\"image.default\">\n\t\t\t\t<div class=\"elementor-widget-container\">\n\t\t\t\t\t\t\t\t\t\t\t\t<figure class=\"wp-caption\">\n\t\t\t\t\t\t\t\t\t\t<img fetchpriority=\"high\" decoding=\"async\" width=\"1024\" height=\"683\" src=\"https:\/\/i0.wp.com\/heroelitemedicalcenter.com\/wp-content\/uploads\/2024\/07\/procedure-lip-augmentation-professional-salon-scaled.jpg?fit=1024%2C683&amp;ssl=1\" class=\"attachment-large size-large wp-image-179\" alt=\"\" srcset=\"https:\/\/i0.wp.com\/heroelitemedicalcenter.com\/wp-content\/uploads\/2024\/07\/procedure-lip-augmentation-professional-salon-scaled.jpg?w=2560&amp;ssl=1 2560w, https:\/\/i0.wp.com\/heroelitemedicalcenter.com\/wp-content\/uploads\/2024\/07\/procedure-lip-augmentation-professional-salon-scaled.jpg?resize=300%2C200&amp;ssl=1 300w, https:\/\/i0.wp.com\/heroelitemedicalcenter.com\/wp-content\/uploads\/2024\/07\/procedure-lip-augmentation-professional-salon-scaled.jpg?resize=1024%2C683&amp;ssl=1 1024w, https:\/\/i0.wp.com\/heroelitemedicalcenter.com\/wp-content\/uploads\/2024\/07\/procedure-lip-augmentation-professional-salon-scaled.jpg?resize=768%2C512&amp;ssl=1 768w, https:\/\/i0.wp.com\/heroelitemedicalcenter.com\/wp-content\/uploads\/2024\/07\/procedure-lip-augmentation-professional-salon-scaled.jpg?resize=1536%2C1024&amp;ssl=1 1536w, https:\/\/i0.wp.com\/heroelitemedicalcenter.com\/wp-content\/uploads\/2024\/07\/procedure-lip-augmentation-professional-salon-scaled.jpg?w=2400&amp;ssl=1 2400w\" sizes=\"(max-width: 1024px) 100vw, 1024px\" \/>\t\t\t\t\t\t\t\t\t\t\t<figcaption class=\"widget-image-caption wp-caption-text\">Designed by Freepik<\/figcaption>\n\t\t\t\t\t\t\t\t\t\t<\/figure>\n\t\t\t\t\t\t\t\t\t<\/div>\n\t\t\t\t<\/div>\n\t\t\t\t<\/div>\n\t\t<div class=\"elementor-element elementor-element-e9e25a2 e-con-full e-flex e-con e-child\" data-id=\"e9e25a2\" data-element_type=\"container\" data-e-type=\"container\">\n\t\t\t\t<div class=\"elementor-element elementor-element-c9c4de1 elementor-invisible elementor-widget elementor-widget-image\" data-id=\"c9c4de1\" data-element_type=\"widget\" data-e-type=\"widget\" data-settings=\"{&quot;_animation&quot;:&quot;fadeInRight&quot;}\" data-widget_type=\"image.default\">\n\t\t\t\t<div class=\"elementor-widget-container\">\n\t\t\t\t\t\t\t\t\t\t\t\t\t\t\t<img decoding=\"async\" width=\"2560\" height=\"1707\" src=\"https:\/\/i0.wp.com\/heroelitemedicalcenter.com\/wp-content\/uploads\/2024\/07\/pexels-cottonbro-7581572-scaled.jpg?fit=2560%2C1707&amp;ssl=1\" class=\"attachment-full size-full wp-image-178\" alt=\"\" srcset=\"https:\/\/i0.wp.com\/heroelitemedicalcenter.com\/wp-content\/uploads\/2024\/07\/pexels-cottonbro-7581572-scaled.jpg?w=2560&amp;ssl=1 2560w, https:\/\/i0.wp.com\/heroelitemedicalcenter.com\/wp-content\/uploads\/2024\/07\/pexels-cottonbro-7581572-scaled.jpg?resize=300%2C200&amp;ssl=1 300w, https:\/\/i0.wp.com\/heroelitemedicalcenter.com\/wp-content\/uploads\/2024\/07\/pexels-cottonbro-7581572-scaled.jpg?resize=1024%2C683&amp;ssl=1 1024w, https:\/\/i0.wp.com\/heroelitemedicalcenter.com\/wp-content\/uploads\/2024\/07\/pexels-cottonbro-7581572-scaled.jpg?resize=768%2C512&amp;ssl=1 768w, https:\/\/i0.wp.com\/heroelitemedicalcenter.com\/wp-content\/uploads\/2024\/07\/pexels-cottonbro-7581572-scaled.jpg?resize=1536%2C1024&amp;ssl=1 1536w, https:\/\/i0.wp.com\/heroelitemedicalcenter.com\/wp-content\/uploads\/2024\/07\/pexels-cottonbro-7581572-scaled.jpg?resize=2048%2C1365&amp;ssl=1 2048w, https:\/\/i0.wp.com\/heroelitemedicalcenter.com\/wp-content\/uploads\/2024\/07\/pexels-cottonbro-7581572-scaled.jpg?w=2400&amp;ssl=1 2400w\" sizes=\"(max-width: 1200px) 100vw, 1200px\" \/>\t\t\t\t\t\t\t\t\t\t\t\t\t\t\t<\/div>\n\t\t\t\t<\/div>\n\t\t\t\t<div class=\"elementor-element elementor-element-ffca9e4 elementor-invisible elementor-widget elementor-widget-text-editor\" data-id=\"ffca9e4\" data-element_type=\"widget\" data-e-type=\"widget\" data-settings=\"{&quot;_animation&quot;:&quot;fadeInLeft&quot;}\" data-widget_type=\"text-editor.default\">\n\t\t\t\t<div class=\"elementor-widget-container\">\n\t\t\t\t\t\t\t\t\t<p><span style=\"font-weight: 400;\">Adem\u00e1s de Botox, Hero Elite Medical Center ofrece rellenos d\u00e9rmicos, incluidos tratamientos especializados como elevaci\u00f3n y aumento de labios. Estos procedimientos est\u00e1n dise\u00f1ados para mejorar el volumen, la forma y la definici\u00f3n de los labios, creando labios m\u00e1s llenos y de aspecto m\u00e1s juvenil. Los rellenos d\u00e9rmicos tambi\u00e9n se utilizan para suavizar las arrugas faciales, restaurar el volumen perdido y contornear \u00e1reas espec\u00edficas del rostro para una apariencia renovada.<\/span><\/p><p><span style=\"font-weight: 400;\">Priorizamos la seguridad, eficacia y satisfacci\u00f3n del paciente en todos los tratamientos cosm\u00e9ticos. Nuestro equipo de profesionales m\u00e9dicos experimentados realiza consultas exhaustivas para comprender las preferencias individuales y personalizar los planes de tratamiento en consecuencia.\u00a0Ya sea que los clientes busquen mejoras sutiles o transformaciones m\u00e1s dram\u00e1ticas, Hero Elite Medical Center combina experiencia con un compromiso con la atenci\u00f3n personalizada para brindar resultados cosm\u00e9ticos excepcionales. Nuestra reputaci\u00f3n de excelencia en servicios m\u00e9dicos cosm\u00e9ticos nos convierte en la opci\u00f3n preferida para las personas que buscan mejorar su apariencia y aumentar su confianza en s\u00ed mismos en la comunidad de Miami Lakes. <\/span><span style=\"font-weight: 400;\">Whether clients seek subtle enhancements or more dramatic transformations, Hero Elite Medical Center combines expertise with a commitment to personalized care to deliver exceptional cosmetic outcomes. Our reputation for excellence in cosmetic medical services makes us a preferred choice for individuals looking to enhance their appearance and boost their self-confidence in the Miami Lakes community and beyond.<\/span><\/p>\t\t\t\t\t\t\t\t<\/div>\n\t\t\t\t<\/div>\n\t\t\t\t<\/div>\n\t\t\t\t<\/div>\n\t\t<div class=\"elementor-element elementor-element-93c4dab e-con-full e-flex e-con e-parent\" data-id=\"93c4dab\" data-element_type=\"container\" data-e-type=\"container\">\n\t\t<div class=\"elementor-element elementor-element-abfd781 e-con-full e-flex e-con e-child\" data-id=\"abfd781\" data-element_type=\"container\" data-e-type=\"container\" data-settings=\"{&quot;background_background&quot;:&quot;classic&quot;}\">\n\t\t<div class=\"elementor-element elementor-element-3524d81 e-con-full e-flex e-con e-child\" data-id=\"3524d81\" data-element_type=\"container\" data-e-type=\"container\" data-settings=\"{&quot;background_background&quot;:&quot;classic&quot;,&quot;animation&quot;:&quot;none&quot;}\">\n\t\t\t\t<div class=\"elementor-element elementor-element-54bc859 elementor-widget__width-initial elementor-invisible elementor-widget elementor-widget-heading\" data-id=\"54bc859\" data-element_type=\"widget\" data-e-type=\"widget\" data-settings=\"{&quot;_animation&quot;:&quot;fadeInDown&quot;}\" data-widget_type=\"heading.default\">\n\t\t\t\t<div class=\"elementor-widget-container\">\n\t\t\t\t\t<h2 class=\"elementor-heading-title elementor-size-default\">SIEMPRE ESTAMOS AQU\u00cd PARA AYUDAR<\/h2>\t\t\t\t<\/div>\n\t\t\t\t<\/div>\n\t\t\t\t<div class=\"elementor-element elementor-element-284730b elementor-widget__width-initial elementor-invisible elementor-widget elementor-widget-heading\" data-id=\"284730b\" data-element_type=\"widget\" data-e-type=\"widget\" data-settings=\"{&quot;_animation&quot;:&quot;fadeInRight&quot;}\" data-widget_type=\"heading.default\">\n\t\t\t\t<div class=\"elementor-widget-container\">\n\t\t\t\t\t<h3 class=\"elementor-heading-title elementor-size-default\">Aqu\u00ed en Hero Elite Medical Center, nos enorgullecemos de ser uno de los principales proveedores de atenci\u00f3n m\u00e9dica primaria. No escatimamos gastos para brindarles a nuestros pacientes la atenci\u00f3n oportuna y flexible que necesitan. Ponte en contacto con nosotros para conocer nuestros servicios y c\u00f3mo podemos ayudarte.<\/h3>\t\t\t\t<\/div>\n\t\t\t\t<\/div>\n\t\t\t\t<div class=\"elementor-element elementor-element-e8b0c5e elementor-align-left elementor-invisible elementor-widget elementor-widget-button\" data-id=\"e8b0c5e\" data-element_type=\"widget\" data-e-type=\"widget\" data-settings=\"{&quot;_animation&quot;:&quot;fadeInUp&quot;,&quot;_animation_delay&quot;:400}\" data-widget_type=\"button.default\">\n\t\t\t\t<div class=\"elementor-widget-container\">\n\t\t\t\t\t\t\t\t\t<div class=\"elementor-button-wrapper\">\n\t\t\t\t\t<a class=\"elementor-button elementor-button-link elementor-size-sm\" href=\"https:\/\/heroelitemedicalcenter.com\/es\/contact-us\/\">\n\t\t\t\t\t\t<span class=\"elementor-button-content-wrapper\">\n\t\t\t\t\t\t\t\t\t<span class=\"elementor-button-text\">CONT\u00c1CTENOS<\/span>\n\t\t\t\t\t<\/span>\n\t\t\t\t\t<\/a>\n\t\t\t\t<\/div>\n\t\t\t\t\t\t\t\t<\/div>\n\t\t\t\t<\/div>\n\t\t\t\t<\/div>\n\t\t\t\t<\/div>\n\t\t\t\t<\/div>\n\t\t\t\t<\/div>","protected":false},"excerpt":{"rendered":"<p>Cosmetic Treatments BOTOX AND FILLERS Hero Elite Medical Center is a trusted provider of advanced cosmetic medical services, specializing in non-surgical treatments that enhance natural beauty and rejuvenate the skin. One of our primary offerings is Botox, a widely recognized treatment for reducing the appearance of wrinkles and fine lines. Administered by licensed professionals, Botox [&hellip;]<\/p>\n","protected":false},"author":1,"featured_media":0,"parent":0,"menu_order":0,"comment_status":"closed","ping_status":"closed","template":"elementor_header_footer","meta":{"nf_dc_page":"","ocean_post_layout":"","ocean_both_sidebars_style":"","ocean_both_sidebars_content_width":0,"ocean_both_sidebars_sidebars_width":0,"ocean_sidebar":"","ocean_second_sidebar":"","ocean_disable_margins":"enable","ocean_add_body_class":"","ocean_shortcode_before_top_bar":"","ocean_shortcode_after_top_bar":"","ocean_shortcode_before_header":"","ocean_shortcode_after_header":"","ocean_has_shortcode":"","ocean_shortcode_after_title":"","ocean_shortcode_before_footer_widgets":"","ocean_shortcode_after_footer_widgets":"","ocean_shortcode_before_footer_bottom":"","ocean_shortcode_after_footer_bottom":"","ocean_display_top_bar":"default","ocean_display_header":"default","ocean_header_style":"","ocean_center_header_left_menu":"","ocean_custom_header_template":"","ocean_custom_logo":0,"ocean_custom_retina_logo":0,"ocean_custom_logo_max_width":0,"ocean_custom_logo_tablet_max_width":0,"ocean_custom_logo_mobile_max_width":0,"ocean_custom_logo_max_height":0,"ocean_custom_logo_tablet_max_height":0,"ocean_custom_logo_mobile_max_height":0,"ocean_header_custom_menu":"","ocean_menu_typo_font_family":"","ocean_menu_typo_font_subset":"","ocean_menu_typo_font_size":0,"ocean_menu_typo_font_size_tablet":0,"ocean_menu_typo_font_size_mobile":0,"ocean_menu_typo_font_size_unit":"px","ocean_menu_typo_font_weight":"","ocean_menu_typo_font_weight_tablet":"","ocean_menu_typo_font_weight_mobile":"","ocean_menu_typo_transform":"","ocean_menu_typo_transform_tablet":"","ocean_menu_typo_transform_mobile":"","ocean_menu_typo_line_height":0,"ocean_menu_typo_line_height_tablet":0,"ocean_menu_typo_line_height_mobile":0,"ocean_menu_typo_line_height_unit":"","ocean_menu_typo_spacing":0,"ocean_menu_typo_spacing_tablet":0,"ocean_menu_typo_spacing_mobile":0,"ocean_menu_typo_spacing_unit":"","ocean_menu_link_color":"","ocean_menu_link_color_hover":"","ocean_menu_link_color_active":"","ocean_menu_link_background":"","ocean_menu_link_hover_background":"","ocean_menu_link_active_background":"","ocean_menu_social_links_bg":"","ocean_menu_social_hover_links_bg":"","ocean_menu_social_links_color":"","ocean_menu_social_hover_links_color":"","ocean_disable_title":"on","ocean_disable_heading":"default","ocean_post_title":"","ocean_post_subheading":"","ocean_post_title_style":"","ocean_post_title_background_color":"","ocean_post_title_background":0,"ocean_post_title_bg_image_position":"","ocean_post_title_bg_image_attachment":"","ocean_post_title_bg_image_repeat":"","ocean_post_title_bg_image_size":"","ocean_post_title_height":0,"ocean_post_title_bg_overlay":0.5,"ocean_post_title_bg_overlay_color":"","ocean_disable_breadcrumbs":"off","ocean_breadcrumbs_color":"","ocean_breadcrumbs_separator_color":"","ocean_breadcrumbs_links_color":"","ocean_breadcrumbs_links_hover_color":"","ocean_display_footer_widgets":"default","ocean_display_footer_bottom":"default","ocean_custom_footer_template":"","footnotes":""},"class_list":["post-173","page","type-page","status-publish","hentry","entry"],"yoast_head":"<!-- This site is optimized with the Yoast SEO plugin v27.5 - https:\/\/yoast.com\/product\/yoast-seo-wordpress\/ -->\n<title>Cosmetic Treatments - Hero Elite Medical Center<\/title>\n<meta name=\"robots\" content=\"index, follow, max-snippet:-1, max-image-preview:large, max-video-preview:-1\" \/>\n<link rel=\"canonical\" href=\"https:\/\/heroelitemedicalcenter.com\/es\/cosmetic-treatments\/\" \/>\n<meta property=\"og:locale\" content=\"es_ES\" \/>\n<meta property=\"og:type\" content=\"article\" \/>\n<meta property=\"og:title\" content=\"Cosmetic Treatments - Hero Elite Medical Center\" \/>\n<meta property=\"og:description\" content=\"Cosmetic Treatments BOTOX AND FILLERS Hero Elite Medical Center is a trusted provider of advanced cosmetic medical services, specializing in non-surgical treatments that enhance natural beauty and rejuvenate the skin. One of our primary offerings is Botox, a widely recognized treatment for reducing the appearance of wrinkles and fine lines. Administered by licensed professionals, Botox [&hellip;]\" \/>\n<meta property=\"og:url\" content=\"https:\/\/heroelitemedicalcenter.com\/es\/cosmetic-treatments\/\" \/>\n<meta property=\"og:site_name\" content=\"Hero Elite Medical Center\" \/>\n<meta property=\"article:modified_time\" content=\"2024-07-29T16:00:00+00:00\" \/>\n<meta property=\"og:image\" content=\"https:\/\/heroelitemedicalcenter.com\/wp-content\/uploads\/2024\/07\/procedure-lip-augmentation-professional-salon-1024x683.jpg\" \/>\n<meta name=\"twitter:card\" content=\"summary_large_image\" \/>\n<meta name=\"twitter:label1\" content=\"Tiempo de lectura\" \/>\n\t<meta name=\"twitter:data1\" content=\"2 minutos\" \/>\n<script type=\"application\/ld+json\" class=\"yoast-schema-graph\">{\"@context\":\"https:\\\/\\\/schema.org\",\"@graph\":[{\"@type\":\"WebPage\",\"@id\":\"https:\\\/\\\/heroelitemedicalcenter.com\\\/cosmetic-treatments\\\/\",\"url\":\"https:\\\/\\\/heroelitemedicalcenter.com\\\/cosmetic-treatments\\\/\",\"name\":\"Cosmetic Treatments - Hero Elite Medical Center\",\"isPartOf\":{\"@id\":\"https:\\\/\\\/serenityrgservices.com\\\/website_d825c278\\\/#website\"},\"primaryImageOfPage\":{\"@id\":\"https:\\\/\\\/heroelitemedicalcenter.com\\\/cosmetic-treatments\\\/#primaryimage\"},\"image\":{\"@id\":\"https:\\\/\\\/heroelitemedicalcenter.com\\\/cosmetic-treatments\\\/#primaryimage\"},\"thumbnailUrl\":\"https:\\\/\\\/heroelitemedicalcenter.com\\\/wp-content\\\/uploads\\\/2024\\\/07\\\/procedure-lip-augmentation-professional-salon-1024x683.jpg\",\"datePublished\":\"2024-07-10T13:01:16+00:00\",\"dateModified\":\"2024-07-29T16:00:00+00:00\",\"breadcrumb\":{\"@id\":\"https:\\\/\\\/heroelitemedicalcenter.com\\\/cosmetic-treatments\\\/#breadcrumb\"},\"inLanguage\":\"es\",\"potentialAction\":[{\"@type\":\"ReadAction\",\"target\":[\"https:\\\/\\\/heroelitemedicalcenter.com\\\/cosmetic-treatments\\\/\"]}]},{\"@type\":\"ImageObject\",\"inLanguage\":\"es\",\"@id\":\"https:\\\/\\\/heroelitemedicalcenter.com\\\/cosmetic-treatments\\\/#primaryimage\",\"url\":\"https:\\\/\\\/heroelitemedicalcenter.com\\\/wp-content\\\/uploads\\\/2024\\\/07\\\/procedure-lip-augmentation-professional-salon-1024x683.jpg\",\"contentUrl\":\"https:\\\/\\\/heroelitemedicalcenter.com\\\/wp-content\\\/uploads\\\/2024\\\/07\\\/procedure-lip-augmentation-professional-salon-1024x683.jpg\"},{\"@type\":\"BreadcrumbList\",\"@id\":\"https:\\\/\\\/heroelitemedicalcenter.com\\\/cosmetic-treatments\\\/#breadcrumb\",\"itemListElement\":[{\"@type\":\"ListItem\",\"position\":1,\"name\":\"Home\",\"item\":\"https:\\\/\\\/heroelitemedicalcenter.com\\\/\"},{\"@type\":\"ListItem\",\"position\":2,\"name\":\"Cosmetic Treatments\"}]},{\"@type\":\"WebSite\",\"@id\":\"https:\\\/\\\/serenityrgservices.com\\\/website_d825c278\\\/#website\",\"url\":\"https:\\\/\\\/serenityrgservices.com\\\/website_d825c278\\\/\",\"name\":\"Hero Elite Medical Center\",\"description\":\"Hero Elite Medical Center offers a wide range of medical services with exceptional quality of care, ensuring your health is our priority.\",\"publisher\":{\"@id\":\"https:\\\/\\\/serenityrgservices.com\\\/website_d825c278\\\/#organization\"},\"potentialAction\":[{\"@type\":\"SearchAction\",\"target\":{\"@type\":\"EntryPoint\",\"urlTemplate\":\"https:\\\/\\\/serenityrgservices.com\\\/website_d825c278\\\/?s={search_term_string}\"},\"query-input\":{\"@type\":\"PropertyValueSpecification\",\"valueRequired\":true,\"valueName\":\"search_term_string\"}}],\"inLanguage\":\"es\"},{\"@type\":\"Organization\",\"@id\":\"https:\\\/\\\/serenityrgservices.com\\\/website_d825c278\\\/#organization\",\"name\":\"Hero Elite Medical Center\",\"url\":\"https:\\\/\\\/serenityrgservices.com\\\/website_d825c278\\\/\",\"logo\":{\"@type\":\"ImageObject\",\"inLanguage\":\"es\",\"@id\":\"https:\\\/\\\/serenityrgservices.com\\\/website_d825c278\\\/#\\\/schema\\\/logo\\\/image\\\/\",\"url\":\"https:\\\/\\\/i0.wp.com\\\/heroelitemedicalcenter.com\\\/wp-content\\\/uploads\\\/2024\\\/07\\\/IMG_3458-1-2.webp?fit=192%2C75&ssl=1\",\"contentUrl\":\"https:\\\/\\\/i0.wp.com\\\/heroelitemedicalcenter.com\\\/wp-content\\\/uploads\\\/2024\\\/07\\\/IMG_3458-1-2.webp?fit=192%2C75&ssl=1\",\"width\":192,\"height\":75,\"caption\":\"Hero Elite Medical Center\"},\"image\":{\"@id\":\"https:\\\/\\\/serenityrgservices.com\\\/website_d825c278\\\/#\\\/schema\\\/logo\\\/image\\\/\"}}]}<\/script>\n<!-- \/ Yoast SEO plugin. -->","yoast_head_json":{"title":"Cosmetic Treatments - Hero Elite Medical Center","robots":{"index":"index","follow":"follow","max-snippet":"max-snippet:-1","max-image-preview":"max-image-preview:large","max-video-preview":"max-video-preview:-1"},"canonical":"https:\/\/heroelitemedicalcenter.com\/es\/cosmetic-treatments\/","og_locale":"es_ES","og_type":"article","og_title":"Cosmetic Treatments - Hero Elite Medical Center","og_description":"Cosmetic Treatments BOTOX AND FILLERS Hero Elite Medical Center is a trusted provider of advanced cosmetic medical services, specializing in non-surgical treatments that enhance natural beauty and rejuvenate the skin. One of our primary offerings is Botox, a widely recognized treatment for reducing the appearance of wrinkles and fine lines. Administered by licensed professionals, Botox [&hellip;]","og_url":"https:\/\/heroelitemedicalcenter.com\/es\/cosmetic-treatments\/","og_site_name":"Hero Elite Medical Center","article_modified_time":"2024-07-29T16:00:00+00:00","og_image":[{"url":"https:\/\/heroelitemedicalcenter.com\/wp-content\/uploads\/2024\/07\/procedure-lip-augmentation-professional-salon-1024x683.jpg","type":"","width":"","height":""}],"twitter_card":"summary_large_image","twitter_misc":{"Tiempo de lectura":"2 minutos"},"schema":{"@context":"https:\/\/schema.org","@graph":[{"@type":"WebPage","@id":"https:\/\/heroelitemedicalcenter.com\/cosmetic-treatments\/","url":"https:\/\/heroelitemedicalcenter.com\/cosmetic-treatments\/","name":"Cosmetic Treatments - Hero Elite Medical Center","isPartOf":{"@id":"https:\/\/serenityrgservices.com\/website_d825c278\/#website"},"primaryImageOfPage":{"@id":"https:\/\/heroelitemedicalcenter.com\/cosmetic-treatments\/#primaryimage"},"image":{"@id":"https:\/\/heroelitemedicalcenter.com\/cosmetic-treatments\/#primaryimage"},"thumbnailUrl":"https:\/\/heroelitemedicalcenter.com\/wp-content\/uploads\/2024\/07\/procedure-lip-augmentation-professional-salon-1024x683.jpg","datePublished":"2024-07-10T13:01:16+00:00","dateModified":"2024-07-29T16:00:00+00:00","breadcrumb":{"@id":"https:\/\/heroelitemedicalcenter.com\/cosmetic-treatments\/#breadcrumb"},"inLanguage":"es","potentialAction":[{"@type":"ReadAction","target":["https:\/\/heroelitemedicalcenter.com\/cosmetic-treatments\/"]}]},{"@type":"ImageObject","inLanguage":"es","@id":"https:\/\/heroelitemedicalcenter.com\/cosmetic-treatments\/#primaryimage","url":"https:\/\/heroelitemedicalcenter.com\/wp-content\/uploads\/2024\/07\/procedure-lip-augmentation-professional-salon-1024x683.jpg","contentUrl":"https:\/\/heroelitemedicalcenter.com\/wp-content\/uploads\/2024\/07\/procedure-lip-augmentation-professional-salon-1024x683.jpg"},{"@type":"BreadcrumbList","@id":"https:\/\/heroelitemedicalcenter.com\/cosmetic-treatments\/#breadcrumb","itemListElement":[{"@type":"ListItem","position":1,"name":"Home","item":"https:\/\/heroelitemedicalcenter.com\/"},{"@type":"ListItem","position":2,"name":"Cosmetic Treatments"}]},{"@type":"WebSite","@id":"https:\/\/serenityrgservices.com\/website_d825c278\/#website","url":"https:\/\/serenityrgservices.com\/website_d825c278\/","name":"Hero Elite Medical Center","description":"Hero Elite Medical Center offers a wide range of medical services with exceptional quality of care, ensuring your health is our priority.","publisher":{"@id":"https:\/\/serenityrgservices.com\/website_d825c278\/#organization"},"potentialAction":[{"@type":"SearchAction","target":{"@type":"EntryPoint","urlTemplate":"https:\/\/serenityrgservices.com\/website_d825c278\/?s={search_term_string}"},"query-input":{"@type":"PropertyValueSpecification","valueRequired":true,"valueName":"search_term_string"}}],"inLanguage":"es"},{"@type":"Organization","@id":"https:\/\/serenityrgservices.com\/website_d825c278\/#organization","name":"Hero Elite Medical Center","url":"https:\/\/serenityrgservices.com\/website_d825c278\/","logo":{"@type":"ImageObject","inLanguage":"es","@id":"https:\/\/serenityrgservices.com\/website_d825c278\/#\/schema\/logo\/image\/","url":"https:\/\/i0.wp.com\/heroelitemedicalcenter.com\/wp-content\/uploads\/2024\/07\/IMG_3458-1-2.webp?fit=192%2C75&ssl=1","contentUrl":"https:\/\/i0.wp.com\/heroelitemedicalcenter.com\/wp-content\/uploads\/2024\/07\/IMG_3458-1-2.webp?fit=192%2C75&ssl=1","width":192,"height":75,"caption":"Hero Elite Medical Center"},"image":{"@id":"https:\/\/serenityrgservices.com\/website_d825c278\/#\/schema\/logo\/image\/"}}]}},"jetpack_sharing_enabled":true,"_links":{"self":[{"href":"https:\/\/heroelitemedicalcenter.com\/es\/wp-json\/wp\/v2\/pages\/173","targetHints":{"allow":["GET"]}}],"collection":[{"href":"https:\/\/heroelitemedicalcenter.com\/es\/wp-json\/wp\/v2\/pages"}],"about":[{"href":"https:\/\/heroelitemedicalcenter.com\/es\/wp-json\/wp\/v2\/types\/page"}],"author":[{"embeddable":true,"href":"https:\/\/heroelitemedicalcenter.com\/es\/wp-json\/wp\/v2\/users\/1"}],"replies":[{"embeddable":true,"href":"https:\/\/heroelitemedicalcenter.com\/es\/wp-json\/wp\/v2\/comments?post=173"}],"version-history":[{"count":5,"href":"https:\/\/heroelitemedicalcenter.com\/es\/wp-json\/wp\/v2\/pages\/173\/revisions"}],"predecessor-version":[{"id":599,"href":"https:\/\/heroelitemedicalcenter.com\/es\/wp-json\/wp\/v2\/pages\/173\/revisions\/599"}],"wp:attachment":[{"href":"https:\/\/heroelitemedicalcenter.com\/es\/wp-json\/wp\/v2\/media?parent=173"}],"curies":[{"name":"wp","href":"https:\/\/api.w.org\/{rel}","templated":true}]}}