{"id":128,"date":"2024-07-09T23:27:26","date_gmt":"2024-07-09T23:27:26","guid":{"rendered":"https:\/\/serenityrgservices.com\/website_d825c278\/?page_id=128"},"modified":"2024-07-11T17:01:08","modified_gmt":"2024-07-11T17:01:08","slug":"research","status":"publish","type":"page","link":"https:\/\/heroelitemedicalcenter.com\/es\/research\/","title":{"rendered":"INVESTIGACI\u00d3N"},"content":{"rendered":"<div data-elementor-type=\"wp-page\" data-elementor-id=\"128\" class=\"elementor elementor-128\">\n\t\t\t\t<div class=\"elementor-element elementor-element-8043ff8 e-con-full e-flex e-con e-parent\" data-id=\"8043ff8\" data-element_type=\"container\" data-e-type=\"container\" data-settings=\"{&quot;background_background&quot;:&quot;classic&quot;}\">\n\t\t\t\t<div class=\"elementor-element elementor-element-5e02c30 elementor-widget elementor-widget-heading\" data-id=\"5e02c30\" data-element_type=\"widget\" data-e-type=\"widget\" data-widget_type=\"heading.default\">\n\t\t\t\t<div class=\"elementor-widget-container\">\n\t\t\t\t\t<h1 class=\"elementor-heading-title elementor-size-default\">INVESTIGACI\u00d3N<\/h1>\t\t\t\t<\/div>\n\t\t\t\t<\/div>\n\t\t\t\t<\/div>\n\t\t<div class=\"elementor-element elementor-element-a9179f9 e-flex e-con-boxed e-con e-parent\" data-id=\"a9179f9\" data-element_type=\"container\" data-e-type=\"container\">\n\t\t\t\t\t<div class=\"e-con-inner\">\n\t\t<div class=\"elementor-element elementor-element-55ff9ce e-con-full e-flex e-con e-child\" data-id=\"55ff9ce\" data-element_type=\"container\" data-e-type=\"container\" data-settings=\"{&quot;animation&quot;:&quot;none&quot;}\">\n\t\t\t\t<div class=\"elementor-element elementor-element-92b2c30 elementor-invisible elementor-widget elementor-widget-heading\" data-id=\"92b2c30\" data-element_type=\"widget\" data-e-type=\"widget\" data-settings=\"{&quot;_animation&quot;:&quot;fadeInLeft&quot;}\" data-widget_type=\"heading.default\">\n\t\t\t\t<div class=\"elementor-widget-container\">\n\t\t\t\t\t<h2 class=\"elementor-heading-title elementor-size-default\">ESTUDIOS Y ENSAYOS CL\u00cdNICOS<\/h2>\t\t\t\t<\/div>\n\t\t\t\t<\/div>\n\t\t\t\t<div class=\"elementor-element elementor-element-b9a6068 elementor-invisible elementor-widget elementor-widget-text-editor\" data-id=\"b9a6068\" data-element_type=\"widget\" data-e-type=\"widget\" data-settings=\"{&quot;_animation&quot;:&quot;fadeInLeft&quot;}\" data-widget_type=\"text-editor.default\">\n\t\t\t\t<div class=\"elementor-widget-container\">\n\t\t\t\t\t\t\t\t\t<p><span style=\"font-weight: 400;\">Hero Elite Medical Center ofrece un servicio integral en estudios y ensayos cl\u00ednicos, orientado a avanzar en la investigaci\u00f3n e innovaci\u00f3n m\u00e9dica. Los estudios cl\u00ednicos son esenciales para evaluar la eficacia y seguridad de nuevos tratamientos, medicamentos o procedimientos antes de que puedan ponerse a disposici\u00f3n del p\u00fablico. Desempe\u00f1amos un papel fundamental en este proceso al facilitar y realizar estos ensayos con meticulosa atenci\u00f3n al detalle y cumpliendo con los est\u00e1ndares \u00e9ticos.<\/span><\/p>\n<p><span style=\"font-weight: 400;\">Colaboramos estrechamente con empresas farmac\u00e9uticas, empresas de biotecnolog\u00eda e instituciones de investigaci\u00f3n para realizar ensayos cl\u00ednicos de fase I a fase IV. Estos ensayos abarcan varias \u00e1reas terap\u00e9uticas, incluidas dermatolog\u00eda, neurolog\u00eda, oncolog\u00eda y m\u00e1s. Nuestro equipo est\u00e1 formado por profesionales m\u00e9dicos, investigadores y coordinadores experimentados que supervisan cada aspecto del proceso del estudio.<\/span><\/p>\t\t\t\t\t\t\t\t<\/div>\n\t\t\t\t<\/div>\n\t\t\t\t<div class=\"elementor-element elementor-element-fe59766 elementor-invisible elementor-widget elementor-widget-image\" data-id=\"fe59766\" data-element_type=\"widget\" data-e-type=\"widget\" data-settings=\"{&quot;_animation&quot;:&quot;fadeInRight&quot;}\" data-widget_type=\"image.default\">\n\t\t\t\t<div class=\"elementor-widget-container\">\n\t\t\t\t\t\t\t\t\t\t\t\t\t\t\t<img fetchpriority=\"high\" decoding=\"async\" width=\"1024\" height=\"680\" src=\"https:\/\/i0.wp.com\/heroelitemedicalcenter.com\/wp-content\/uploads\/2024\/07\/pexels-pixabay-207601.jpg?fit=1024%2C680&amp;ssl=1\" class=\"attachment-large size-large wp-image-140\" alt=\"\" srcset=\"https:\/\/i0.wp.com\/heroelitemedicalcenter.com\/wp-content\/uploads\/2024\/07\/pexels-pixabay-207601.jpg?w=1920&amp;ssl=1 1920w, https:\/\/i0.wp.com\/heroelitemedicalcenter.com\/wp-content\/uploads\/2024\/07\/pexels-pixabay-207601.jpg?resize=300%2C199&amp;ssl=1 300w, https:\/\/i0.wp.com\/heroelitemedicalcenter.com\/wp-content\/uploads\/2024\/07\/pexels-pixabay-207601.jpg?resize=1024%2C680&amp;ssl=1 1024w, https:\/\/i0.wp.com\/heroelitemedicalcenter.com\/wp-content\/uploads\/2024\/07\/pexels-pixabay-207601.jpg?resize=768%2C510&amp;ssl=1 768w, https:\/\/i0.wp.com\/heroelitemedicalcenter.com\/wp-content\/uploads\/2024\/07\/pexels-pixabay-207601.jpg?resize=1536%2C1020&amp;ssl=1 1536w\" sizes=\"(max-width: 1024px) 100vw, 1024px\" \/>\t\t\t\t\t\t\t\t\t\t\t\t\t\t\t<\/div>\n\t\t\t\t<\/div>\n\t\t\t\t<\/div>\n\t\t<div class=\"elementor-element elementor-element-b1c0c29 e-con-full e-flex elementor-invisible e-con e-child\" data-id=\"b1c0c29\" data-element_type=\"container\" data-e-type=\"container\" data-settings=\"{&quot;animation&quot;:&quot;fadeIn&quot;}\">\n\t\t\t\t<div class=\"elementor-element elementor-element-1ac0109 elementor-invisible elementor-widget elementor-widget-image\" data-id=\"1ac0109\" data-element_type=\"widget\" data-e-type=\"widget\" data-settings=\"{&quot;_animation&quot;:&quot;fadeInRight&quot;}\" data-widget_type=\"image.default\">\n\t\t\t\t<div class=\"elementor-widget-container\">\n\t\t\t\t\t\t\t\t\t\t\t\t\t\t\t<img decoding=\"async\" width=\"683\" height=\"1024\" src=\"https:\/\/i0.wp.com\/heroelitemedicalcenter.com\/wp-content\/uploads\/2024\/07\/pexels-polina-tankilevitch-3873163-scaled.jpg?fit=683%2C1024&amp;ssl=1\" class=\"attachment-large size-large wp-image-139\" alt=\"\" srcset=\"https:\/\/i0.wp.com\/heroelitemedicalcenter.com\/wp-content\/uploads\/2024\/07\/pexels-polina-tankilevitch-3873163-scaled.jpg?w=1707&amp;ssl=1 1707w, https:\/\/i0.wp.com\/heroelitemedicalcenter.com\/wp-content\/uploads\/2024\/07\/pexels-polina-tankilevitch-3873163-scaled.jpg?resize=200%2C300&amp;ssl=1 200w, https:\/\/i0.wp.com\/heroelitemedicalcenter.com\/wp-content\/uploads\/2024\/07\/pexels-polina-tankilevitch-3873163-scaled.jpg?resize=683%2C1024&amp;ssl=1 683w, https:\/\/i0.wp.com\/heroelitemedicalcenter.com\/wp-content\/uploads\/2024\/07\/pexels-polina-tankilevitch-3873163-scaled.jpg?resize=768%2C1152&amp;ssl=1 768w, https:\/\/i0.wp.com\/heroelitemedicalcenter.com\/wp-content\/uploads\/2024\/07\/pexels-polina-tankilevitch-3873163-scaled.jpg?resize=1024%2C1536&amp;ssl=1 1024w, https:\/\/i0.wp.com\/heroelitemedicalcenter.com\/wp-content\/uploads\/2024\/07\/pexels-polina-tankilevitch-3873163-scaled.jpg?resize=1365%2C2048&amp;ssl=1 1365w\" sizes=\"(max-width: 683px) 100vw, 683px\" \/>\t\t\t\t\t\t\t\t\t\t\t\t\t\t\t<\/div>\n\t\t\t\t<\/div>\n\t\t\t\t<div class=\"elementor-element elementor-element-809b712 elementor-invisible elementor-widget elementor-widget-heading\" data-id=\"809b712\" data-element_type=\"widget\" data-e-type=\"widget\" data-settings=\"{&quot;_animation&quot;:&quot;fadeInLeft&quot;}\" data-widget_type=\"heading.default\">\n\t\t\t\t<div class=\"elementor-widget-container\">\n\t\t\t\t\t<h2 class=\"elementor-heading-title elementor-size-default\">NUESTRO ENFOQUE<\/h2>\t\t\t\t<\/div>\n\t\t\t\t<\/div>\n\t\t\t\t<div class=\"elementor-element elementor-element-3acd28e elementor-invisible elementor-widget elementor-widget-text-editor\" data-id=\"3acd28e\" data-element_type=\"widget\" data-e-type=\"widget\" data-settings=\"{&quot;_animation&quot;:&quot;fadeInLeft&quot;}\" data-widget_type=\"text-editor.default\">\n\t\t\t\t<div class=\"elementor-widget-container\">\n\t\t\t\t\t\t\t\t\t<p><span style=\"font-weight: 400;\">En Hero Elite Medical Center, nuestro enfoque de los estudios y ensayos cl\u00ednicos se basa en la precisi\u00f3n y la atenci\u00f3n centrada en el paciente. Los participantes en estos ensayos reciben evaluaciones m\u00e9dicas integrales, acceso a tratamientos de vanguardia bajo investigaci\u00f3n y monitoreo continuo para garantizar su seguridad y bienestar durante todo el per\u00edodo del estudio. Hero Elite Medical Center se adhiere estrictamente a las pautas reglamentarias y a los est\u00e1ndares \u00e9ticos, garantizando la integridad y confiabilidad de los datos recopilados.<\/span><\/p><p><span style=\"font-weight: 400;\">Al participar en ensayos cl\u00ednicos realizados por Hero Elite Medical Center, las personas no solo contribuyen al avance cient\u00edfico sino que tambi\u00e9n obtienen acceso potencial a terapias innovadoras que pueden mejorar sus resultados de salud. La empresa se enorgullece de su transparencia, educaci\u00f3n de los pacientes y de fomentar un entorno de apoyo para los participantes del estudio.<\/span><\/p><p><span style=\"font-weight: 400;\">Para aquellos interesados \u200b\u200ben obtener m\u00e1s informaci\u00f3n sobre c\u00f3mo participar en ensayos cl\u00ednicos o asociarse con Hero Elite Medical Center para colaboraciones de investigaci\u00f3n, la compa\u00f1\u00eda proporciona informaci\u00f3n y orientaci\u00f3n detalladas. Su compromiso con el avance del conocimiento m\u00e9dico y la mejora de la atenci\u00f3n al paciente subraya su reputaci\u00f3n como l\u00edder confiable en investigaci\u00f3n cl\u00ednica.<\/span><\/p>\t\t\t\t\t\t\t\t<\/div>\n\t\t\t\t<\/div>\n\t\t\t\t<\/div>\n\t\t\t\t\t<\/div>\n\t\t\t\t<\/div>\n\t\t<div class=\"elementor-element elementor-element-23cf315 e-con-full e-flex e-con e-parent\" data-id=\"23cf315\" data-element_type=\"container\" data-e-type=\"container\">\n\t\t<div class=\"elementor-element elementor-element-7b6aff3 e-con-full e-flex e-con e-child\" data-id=\"7b6aff3\" data-element_type=\"container\" data-e-type=\"container\" data-settings=\"{&quot;background_background&quot;:&quot;classic&quot;}\">\n\t\t<div class=\"elementor-element elementor-element-6c0cd86 e-con-full e-flex e-con e-child\" data-id=\"6c0cd86\" data-element_type=\"container\" data-e-type=\"container\" data-settings=\"{&quot;background_background&quot;:&quot;classic&quot;,&quot;animation&quot;:&quot;none&quot;}\">\n\t\t\t\t<div class=\"elementor-element elementor-element-e3ccefe elementor-widget__width-initial elementor-invisible elementor-widget elementor-widget-heading\" data-id=\"e3ccefe\" data-element_type=\"widget\" data-e-type=\"widget\" data-settings=\"{&quot;_animation&quot;:&quot;fadeInDown&quot;}\" data-widget_type=\"heading.default\">\n\t\t\t\t<div class=\"elementor-widget-container\">\n\t\t\t\t\t<h2 class=\"elementor-heading-title elementor-size-default\">SIEMPRE ESTAMOS AQU\u00cd PARA AYUDAR<\/h2>\t\t\t\t<\/div>\n\t\t\t\t<\/div>\n\t\t\t\t<div class=\"elementor-element elementor-element-9bde4ac elementor-widget__width-initial elementor-invisible elementor-widget elementor-widget-heading\" data-id=\"9bde4ac\" data-element_type=\"widget\" data-e-type=\"widget\" data-settings=\"{&quot;_animation&quot;:&quot;fadeInRight&quot;}\" data-widget_type=\"heading.default\">\n\t\t\t\t<div class=\"elementor-widget-container\">\n\t\t\t\t\t<h3 class=\"elementor-heading-title elementor-size-default\">Aqu\u00ed en Hero Elite Medical Center, nos enorgullecemos de ser uno de los principales proveedores de atenci\u00f3n m\u00e9dica primaria. No escatimamos gastos para brindarles a nuestros pacientes la atenci\u00f3n oportuna y flexible que necesitan. Ponte en contacto con nosotros para conocer nuestros servicios y c\u00f3mo podemos ayudarte.<\/h3>\t\t\t\t<\/div>\n\t\t\t\t<\/div>\n\t\t\t\t<div class=\"elementor-element elementor-element-8b31b1e elementor-align-left elementor-invisible elementor-widget elementor-widget-button\" data-id=\"8b31b1e\" data-element_type=\"widget\" data-e-type=\"widget\" data-settings=\"{&quot;_animation&quot;:&quot;fadeInUp&quot;,&quot;_animation_delay&quot;:400}\" data-widget_type=\"button.default\">\n\t\t\t\t<div class=\"elementor-widget-container\">\n\t\t\t\t\t\t\t\t\t<div class=\"elementor-button-wrapper\">\n\t\t\t\t\t<a class=\"elementor-button elementor-button-link elementor-size-sm\" href=\"https:\/\/heroelitemedicalcenter.com\/es\/contact-us\/\">\n\t\t\t\t\t\t<span class=\"elementor-button-content-wrapper\">\n\t\t\t\t\t\t\t\t\t<span class=\"elementor-button-text\">CONT\u00c1CTENOS<\/span>\n\t\t\t\t\t<\/span>\n\t\t\t\t\t<\/a>\n\t\t\t\t<\/div>\n\t\t\t\t\t\t\t\t<\/div>\n\t\t\t\t<\/div>\n\t\t\t\t<\/div>\n\t\t\t\t<\/div>\n\t\t\t\t<\/div>\n\t\t\t\t<\/div>","protected":false},"excerpt":{"rendered":"<p>Research CLINICAL STUDIES AND TRIALS Hero Elite Medical Center offers a comprehensive service in clinical studies and trials, aimed at advancing medical research and innovation. Clinical studies are essential for evaluating the effectiveness and safety of new treatments, medications, or procedures before they can be made widely available to the public. We play a pivotal [&hellip;]<\/p>\n","protected":false},"author":1,"featured_media":0,"parent":0,"menu_order":0,"comment_status":"closed","ping_status":"closed","template":"elementor_header_footer","meta":{"nf_dc_page":"","ocean_post_layout":"","ocean_both_sidebars_style":"","ocean_both_sidebars_content_width":0,"ocean_both_sidebars_sidebars_width":0,"ocean_sidebar":"","ocean_second_sidebar":"","ocean_disable_margins":"enable","ocean_add_body_class":"","ocean_shortcode_before_top_bar":"","ocean_shortcode_after_top_bar":"","ocean_shortcode_before_header":"","ocean_shortcode_after_header":"","ocean_has_shortcode":"","ocean_shortcode_after_title":"","ocean_shortcode_before_footer_widgets":"","ocean_shortcode_after_footer_widgets":"","ocean_shortcode_before_footer_bottom":"","ocean_shortcode_after_footer_bottom":"","ocean_display_top_bar":"default","ocean_display_header":"default","ocean_header_style":"","ocean_center_header_left_menu":"","ocean_custom_header_template":"","ocean_custom_logo":0,"ocean_custom_retina_logo":0,"ocean_custom_logo_max_width":0,"ocean_custom_logo_tablet_max_width":0,"ocean_custom_logo_mobile_max_width":0,"ocean_custom_logo_max_height":0,"ocean_custom_logo_tablet_max_height":0,"ocean_custom_logo_mobile_max_height":0,"ocean_header_custom_menu":"","ocean_menu_typo_font_family":"","ocean_menu_typo_font_subset":"","ocean_menu_typo_font_size":0,"ocean_menu_typo_font_size_tablet":0,"ocean_menu_typo_font_size_mobile":0,"ocean_menu_typo_font_size_unit":"px","ocean_menu_typo_font_weight":"","ocean_menu_typo_font_weight_tablet":"","ocean_menu_typo_font_weight_mobile":"","ocean_menu_typo_transform":"","ocean_menu_typo_transform_tablet":"","ocean_menu_typo_transform_mobile":"","ocean_menu_typo_line_height":0,"ocean_menu_typo_line_height_tablet":0,"ocean_menu_typo_line_height_mobile":0,"ocean_menu_typo_line_height_unit":"","ocean_menu_typo_spacing":0,"ocean_menu_typo_spacing_tablet":0,"ocean_menu_typo_spacing_mobile":0,"ocean_menu_typo_spacing_unit":"","ocean_menu_link_color":"","ocean_menu_link_color_hover":"","ocean_menu_link_color_active":"","ocean_menu_link_background":"","ocean_menu_link_hover_background":"","ocean_menu_link_active_background":"","ocean_menu_social_links_bg":"","ocean_menu_social_hover_links_bg":"","ocean_menu_social_links_color":"","ocean_menu_social_hover_links_color":"","ocean_disable_title":"on","ocean_disable_heading":"default","ocean_post_title":"","ocean_post_subheading":"","ocean_post_title_style":"","ocean_post_title_background_color":"","ocean_post_title_background":0,"ocean_post_title_bg_image_position":"","ocean_post_title_bg_image_attachment":"","ocean_post_title_bg_image_repeat":"","ocean_post_title_bg_image_size":"","ocean_post_title_height":0,"ocean_post_title_bg_overlay":0.5,"ocean_post_title_bg_overlay_color":"","ocean_disable_breadcrumbs":"off","ocean_breadcrumbs_color":"","ocean_breadcrumbs_separator_color":"","ocean_breadcrumbs_links_color":"","ocean_breadcrumbs_links_hover_color":"","ocean_display_footer_widgets":"default","ocean_display_footer_bottom":"default","ocean_custom_footer_template":"","footnotes":""},"class_list":["post-128","page","type-page","status-publish","hentry","entry"],"yoast_head":"<!-- This site is optimized with the Yoast SEO plugin v27.5 - https:\/\/yoast.com\/product\/yoast-seo-wordpress\/ -->\n<title>Research - Hero Elite Medical Center<\/title>\n<meta name=\"robots\" content=\"index, follow, max-snippet:-1, max-image-preview:large, max-video-preview:-1\" \/>\n<link rel=\"canonical\" href=\"https:\/\/serenityrgservices.com\/website_d825c278\/research\/\" \/>\n<meta property=\"og:locale\" content=\"es_ES\" \/>\n<meta property=\"og:type\" content=\"article\" \/>\n<meta property=\"og:title\" content=\"Research - Hero Elite Medical Center\" \/>\n<meta property=\"og:description\" content=\"Research CLINICAL STUDIES AND TRIALS Hero Elite Medical Center offers a comprehensive service in clinical studies and trials, aimed at advancing medical research and innovation. Clinical studies are essential for evaluating the effectiveness and safety of new treatments, medications, or procedures before they can be made widely available to the public. We play a pivotal [&hellip;]\" \/>\n<meta property=\"og:url\" content=\"https:\/\/serenityrgservices.com\/website_d825c278\/research\/\" \/>\n<meta property=\"og:site_name\" content=\"Hero Elite Medical Center\" \/>\n<meta property=\"article:modified_time\" content=\"2024-07-11T17:01:08+00:00\" \/>\n<meta property=\"og:image\" content=\"https:\/\/serenityrgservices.com\/website_d825c278\/wp-content\/uploads\/2024\/07\/pexels-pixabay-207601-1024x680.jpg\" \/>\n<meta name=\"twitter:card\" content=\"summary_large_image\" \/>\n<meta name=\"twitter:label1\" content=\"Tiempo de lectura\" \/>\n\t<meta name=\"twitter:data1\" content=\"2 minutos\" \/>\n<script type=\"application\/ld+json\" class=\"yoast-schema-graph\">{\"@context\":\"https:\\\/\\\/schema.org\",\"@graph\":[{\"@type\":\"WebPage\",\"@id\":\"https:\\\/\\\/serenityrgservices.com\\\/website_d825c278\\\/research\\\/\",\"url\":\"https:\\\/\\\/serenityrgservices.com\\\/website_d825c278\\\/research\\\/\",\"name\":\"Research - Hero Elite Medical Center\",\"isPartOf\":{\"@id\":\"https:\\\/\\\/serenityrgservices.com\\\/website_d825c278\\\/#website\"},\"primaryImageOfPage\":{\"@id\":\"https:\\\/\\\/serenityrgservices.com\\\/website_d825c278\\\/research\\\/#primaryimage\"},\"image\":{\"@id\":\"https:\\\/\\\/serenityrgservices.com\\\/website_d825c278\\\/research\\\/#primaryimage\"},\"thumbnailUrl\":\"https:\\\/\\\/heroelitemedicalcenter.com\\\/wp-content\\\/uploads\\\/2024\\\/07\\\/pexels-pixabay-207601-1024x680.jpg\",\"datePublished\":\"2024-07-09T23:27:26+00:00\",\"dateModified\":\"2024-07-11T17:01:08+00:00\",\"breadcrumb\":{\"@id\":\"https:\\\/\\\/serenityrgservices.com\\\/website_d825c278\\\/research\\\/#breadcrumb\"},\"inLanguage\":\"es\",\"potentialAction\":[{\"@type\":\"ReadAction\",\"target\":[\"https:\\\/\\\/serenityrgservices.com\\\/website_d825c278\\\/research\\\/\"]}]},{\"@type\":\"ImageObject\",\"inLanguage\":\"es\",\"@id\":\"https:\\\/\\\/serenityrgservices.com\\\/website_d825c278\\\/research\\\/#primaryimage\",\"url\":\"https:\\\/\\\/heroelitemedicalcenter.com\\\/wp-content\\\/uploads\\\/2024\\\/07\\\/pexels-pixabay-207601-1024x680.jpg\",\"contentUrl\":\"https:\\\/\\\/heroelitemedicalcenter.com\\\/wp-content\\\/uploads\\\/2024\\\/07\\\/pexels-pixabay-207601-1024x680.jpg\"},{\"@type\":\"BreadcrumbList\",\"@id\":\"https:\\\/\\\/serenityrgservices.com\\\/website_d825c278\\\/research\\\/#breadcrumb\",\"itemListElement\":[{\"@type\":\"ListItem\",\"position\":1,\"name\":\"Home\",\"item\":\"https:\\\/\\\/heroelitemedicalcenter.com\\\/\"},{\"@type\":\"ListItem\",\"position\":2,\"name\":\"Research\"}]},{\"@type\":\"WebSite\",\"@id\":\"https:\\\/\\\/serenityrgservices.com\\\/website_d825c278\\\/#website\",\"url\":\"https:\\\/\\\/serenityrgservices.com\\\/website_d825c278\\\/\",\"name\":\"Hero Elite Medical Center\",\"description\":\"Hero Elite Medical Center offers a wide range of medical services with exceptional quality of care, ensuring your health is our priority.\",\"publisher\":{\"@id\":\"https:\\\/\\\/serenityrgservices.com\\\/website_d825c278\\\/#organization\"},\"potentialAction\":[{\"@type\":\"SearchAction\",\"target\":{\"@type\":\"EntryPoint\",\"urlTemplate\":\"https:\\\/\\\/serenityrgservices.com\\\/website_d825c278\\\/?s={search_term_string}\"},\"query-input\":{\"@type\":\"PropertyValueSpecification\",\"valueRequired\":true,\"valueName\":\"search_term_string\"}}],\"inLanguage\":\"es\"},{\"@type\":\"Organization\",\"@id\":\"https:\\\/\\\/serenityrgservices.com\\\/website_d825c278\\\/#organization\",\"name\":\"Hero Elite Medical Center\",\"url\":\"https:\\\/\\\/serenityrgservices.com\\\/website_d825c278\\\/\",\"logo\":{\"@type\":\"ImageObject\",\"inLanguage\":\"es\",\"@id\":\"https:\\\/\\\/serenityrgservices.com\\\/website_d825c278\\\/#\\\/schema\\\/logo\\\/image\\\/\",\"url\":\"https:\\\/\\\/i0.wp.com\\\/heroelitemedicalcenter.com\\\/wp-content\\\/uploads\\\/2024\\\/07\\\/IMG_3458-1-2.webp?fit=192%2C75&ssl=1\",\"contentUrl\":\"https:\\\/\\\/i0.wp.com\\\/heroelitemedicalcenter.com\\\/wp-content\\\/uploads\\\/2024\\\/07\\\/IMG_3458-1-2.webp?fit=192%2C75&ssl=1\",\"width\":192,\"height\":75,\"caption\":\"Hero Elite Medical Center\"},\"image\":{\"@id\":\"https:\\\/\\\/serenityrgservices.com\\\/website_d825c278\\\/#\\\/schema\\\/logo\\\/image\\\/\"}}]}<\/script>\n<!-- \/ Yoast SEO plugin. -->","yoast_head_json":{"title":"Research - Hero Elite Medical Center","robots":{"index":"index","follow":"follow","max-snippet":"max-snippet:-1","max-image-preview":"max-image-preview:large","max-video-preview":"max-video-preview:-1"},"canonical":"https:\/\/serenityrgservices.com\/website_d825c278\/research\/","og_locale":"es_ES","og_type":"article","og_title":"Research - Hero Elite Medical Center","og_description":"Research CLINICAL STUDIES AND TRIALS Hero Elite Medical Center offers a comprehensive service in clinical studies and trials, aimed at advancing medical research and innovation. Clinical studies are essential for evaluating the effectiveness and safety of new treatments, medications, or procedures before they can be made widely available to the public. We play a pivotal [&hellip;]","og_url":"https:\/\/serenityrgservices.com\/website_d825c278\/research\/","og_site_name":"Hero Elite Medical Center","article_modified_time":"2024-07-11T17:01:08+00:00","og_image":[{"url":"https:\/\/serenityrgservices.com\/website_d825c278\/wp-content\/uploads\/2024\/07\/pexels-pixabay-207601-1024x680.jpg","type":"","width":"","height":""}],"twitter_card":"summary_large_image","twitter_misc":{"Tiempo de lectura":"2 minutos"},"schema":{"@context":"https:\/\/schema.org","@graph":[{"@type":"WebPage","@id":"https:\/\/serenityrgservices.com\/website_d825c278\/research\/","url":"https:\/\/serenityrgservices.com\/website_d825c278\/research\/","name":"Research - Hero Elite Medical Center","isPartOf":{"@id":"https:\/\/serenityrgservices.com\/website_d825c278\/#website"},"primaryImageOfPage":{"@id":"https:\/\/serenityrgservices.com\/website_d825c278\/research\/#primaryimage"},"image":{"@id":"https:\/\/serenityrgservices.com\/website_d825c278\/research\/#primaryimage"},"thumbnailUrl":"https:\/\/heroelitemedicalcenter.com\/wp-content\/uploads\/2024\/07\/pexels-pixabay-207601-1024x680.jpg","datePublished":"2024-07-09T23:27:26+00:00","dateModified":"2024-07-11T17:01:08+00:00","breadcrumb":{"@id":"https:\/\/serenityrgservices.com\/website_d825c278\/research\/#breadcrumb"},"inLanguage":"es","potentialAction":[{"@type":"ReadAction","target":["https:\/\/serenityrgservices.com\/website_d825c278\/research\/"]}]},{"@type":"ImageObject","inLanguage":"es","@id":"https:\/\/serenityrgservices.com\/website_d825c278\/research\/#primaryimage","url":"https:\/\/heroelitemedicalcenter.com\/wp-content\/uploads\/2024\/07\/pexels-pixabay-207601-1024x680.jpg","contentUrl":"https:\/\/heroelitemedicalcenter.com\/wp-content\/uploads\/2024\/07\/pexels-pixabay-207601-1024x680.jpg"},{"@type":"BreadcrumbList","@id":"https:\/\/serenityrgservices.com\/website_d825c278\/research\/#breadcrumb","itemListElement":[{"@type":"ListItem","position":1,"name":"Home","item":"https:\/\/heroelitemedicalcenter.com\/"},{"@type":"ListItem","position":2,"name":"Research"}]},{"@type":"WebSite","@id":"https:\/\/serenityrgservices.com\/website_d825c278\/#website","url":"https:\/\/serenityrgservices.com\/website_d825c278\/","name":"Hero Elite Medical Center","description":"Hero Elite Medical Center offers a wide range of medical services with exceptional quality of care, ensuring your health is our priority.","publisher":{"@id":"https:\/\/serenityrgservices.com\/website_d825c278\/#organization"},"potentialAction":[{"@type":"SearchAction","target":{"@type":"EntryPoint","urlTemplate":"https:\/\/serenityrgservices.com\/website_d825c278\/?s={search_term_string}"},"query-input":{"@type":"PropertyValueSpecification","valueRequired":true,"valueName":"search_term_string"}}],"inLanguage":"es"},{"@type":"Organization","@id":"https:\/\/serenityrgservices.com\/website_d825c278\/#organization","name":"Hero Elite Medical Center","url":"https:\/\/serenityrgservices.com\/website_d825c278\/","logo":{"@type":"ImageObject","inLanguage":"es","@id":"https:\/\/serenityrgservices.com\/website_d825c278\/#\/schema\/logo\/image\/","url":"https:\/\/i0.wp.com\/heroelitemedicalcenter.com\/wp-content\/uploads\/2024\/07\/IMG_3458-1-2.webp?fit=192%2C75&ssl=1","contentUrl":"https:\/\/i0.wp.com\/heroelitemedicalcenter.com\/wp-content\/uploads\/2024\/07\/IMG_3458-1-2.webp?fit=192%2C75&ssl=1","width":192,"height":75,"caption":"Hero Elite Medical Center"},"image":{"@id":"https:\/\/serenityrgservices.com\/website_d825c278\/#\/schema\/logo\/image\/"}}]}},"jetpack_sharing_enabled":true,"_links":{"self":[{"href":"https:\/\/heroelitemedicalcenter.com\/es\/wp-json\/wp\/v2\/pages\/128","targetHints":{"allow":["GET"]}}],"collection":[{"href":"https:\/\/heroelitemedicalcenter.com\/es\/wp-json\/wp\/v2\/pages"}],"about":[{"href":"https:\/\/heroelitemedicalcenter.com\/es\/wp-json\/wp\/v2\/types\/page"}],"author":[{"embeddable":true,"href":"https:\/\/heroelitemedicalcenter.com\/es\/wp-json\/wp\/v2\/users\/1"}],"replies":[{"embeddable":true,"href":"https:\/\/heroelitemedicalcenter.com\/es\/wp-json\/wp\/v2\/comments?post=128"}],"version-history":[{"count":5,"href":"https:\/\/heroelitemedicalcenter.com\/es\/wp-json\/wp\/v2\/pages\/128\/revisions"}],"predecessor-version":[{"id":544,"href":"https:\/\/heroelitemedicalcenter.com\/es\/wp-json\/wp\/v2\/pages\/128\/revisions\/544"}],"wp:attachment":[{"href":"https:\/\/heroelitemedicalcenter.com\/es\/wp-json\/wp\/v2\/media?parent=128"}],"curies":[{"name":"wp","href":"https:\/\/api.w.org\/{rel}","templated":true}]}}