{"id":110,"date":"2024-07-09T20:12:41","date_gmt":"2024-07-09T20:12:41","guid":{"rendered":"https:\/\/serenityrgservices.com\/website_d825c278\/?page_id=110"},"modified":"2024-07-11T17:00:23","modified_gmt":"2024-07-11T17:00:23","slug":"primary-care","status":"publish","type":"page","link":"https:\/\/heroelitemedicalcenter.com\/es\/primary-care\/","title":{"rendered":"ATENCI\u00d3N PRIMARIA"},"content":{"rendered":"<div data-elementor-type=\"wp-page\" data-elementor-id=\"110\" class=\"elementor elementor-110\">\n\t\t\t\t<div class=\"elementor-element elementor-element-11f9c8f e-flex e-con-boxed e-con e-parent\" data-id=\"11f9c8f\" data-element_type=\"container\" data-e-type=\"container\" data-settings=\"{&quot;background_background&quot;:&quot;classic&quot;}\">\n\t\t\t\t\t<div class=\"e-con-inner\">\n\t\t\t\t<div class=\"elementor-element elementor-element-3cbe506 elementor-widget elementor-widget-heading\" data-id=\"3cbe506\" data-element_type=\"widget\" data-e-type=\"widget\" data-widget_type=\"heading.default\">\n\t\t\t\t<div class=\"elementor-widget-container\">\n\t\t\t\t\t<h1 class=\"elementor-heading-title elementor-size-default\">ATENCI\u00d3N PRIMARIA<\/h1>\t\t\t\t<\/div>\n\t\t\t\t<\/div>\n\t\t\t\t\t<\/div>\n\t\t\t\t<\/div>\n\t\t<div class=\"elementor-element elementor-element-a7912a3 e-flex e-con-boxed e-con e-parent\" data-id=\"a7912a3\" data-element_type=\"container\" data-e-type=\"container\">\n\t\t\t\t\t<div class=\"e-con-inner\">\n\t\t<div class=\"elementor-element elementor-element-8322f53 e-con-full e-flex elementor-invisible e-con e-child\" data-id=\"8322f53\" data-element_type=\"container\" data-e-type=\"container\" data-settings=\"{&quot;animation&quot;:&quot;slideInLeft&quot;}\">\n\t\t\t\t<div class=\"elementor-element elementor-element-470cc60 elementor-widget elementor-widget-heading\" data-id=\"470cc60\" data-element_type=\"widget\" data-e-type=\"widget\" data-widget_type=\"heading.default\">\n\t\t\t\t<div class=\"elementor-widget-container\">\n\t\t\t\t\t<h2 class=\"elementor-heading-title elementor-size-default\">M\u00c9DICO DE ATENCI\u00d3N PRIMARIA<\/h2>\t\t\t\t<\/div>\n\t\t\t\t<\/div>\n\t\t\t\t<div class=\"elementor-element elementor-element-059d816 elementor-widget elementor-widget-text-editor\" data-id=\"059d816\" data-element_type=\"widget\" data-e-type=\"widget\" data-widget_type=\"text-editor.default\">\n\t\t\t\t<div class=\"elementor-widget-container\">\n\t\t\t\t\t\t\t\t\t<p><span style=\"font-weight: 400;\">Hero Elite Medical Center se destaca por brindar servicios de atenci\u00f3n primaria, incluidos m\u00e9dicos generales y medicina familiar, para satisfacer las diversas necesidades de atenci\u00f3n m\u00e9dica de sus clientes. Como proveedor de atenci\u00f3n m\u00e9dica integral, ofrecemos una variedad de servicios de atenci\u00f3n primaria brindados por profesionales m\u00e9dicos capacitados y compasivos.&nbsp;<\/span><\/p>\n<p><span style=\"font-weight: 400;\">Nuestros servicios de atenci\u00f3n primaria abarcan ex\u00e1menes m\u00e9dicos de rutina, ex\u00e1menes preventivos, vacunas, control de afecciones cr\u00f3nicas como diabetes o hipertensi\u00f3n y tratamiento de enfermedades y lesiones comunes. Hacemos hincapi\u00e9 en la atenci\u00f3n personalizada y nos tomamos el tiempo para comprender las preocupaciones y objetivos de salud \u00fanicos de cada paciente. Damos la bienvenida a pacientes privados que buscan soluciones de atenci\u00f3n m\u00e9dica individualizadas y aceptamos casi todos los planes de seguro, garantizando la accesibilidad y asequibilidad de sus servicios.<\/span><\/p>\n<p><span style=\"font-weight: 400;\">Ya sea que necesite chequeos de rutina, supervisi\u00f3n m\u00e9dica continua o tratamiento para enfermedades agudas, Hero Elite Medical Center se distingue por sus servicios integrales de atenci\u00f3n primaria basados \u200b\u200ben el profesionalismo, la integridad y la atenci\u00f3n centrada en el paciente. Nuestra dedicaci\u00f3n a la excelencia en la prestaci\u00f3n de atenci\u00f3n m\u00e9dica los convierte en una opci\u00f3n confiable para familias e individuos que buscan servicios m\u00e9dicos confiables.<\/span><\/p>\t\t\t\t\t\t\t\t<\/div>\n\t\t\t\t<\/div>\n\t\t\t\t<\/div>\n\t\t<div class=\"elementor-element elementor-element-7e342eb e-con-full e-flex e-con e-child\" data-id=\"7e342eb\" data-element_type=\"container\" data-e-type=\"container\">\n\t\t\t\t<div class=\"elementor-element elementor-element-878097e elementor-invisible elementor-widget elementor-widget-image\" data-id=\"878097e\" data-element_type=\"widget\" data-e-type=\"widget\" data-settings=\"{&quot;_animation&quot;:&quot;slideInRight&quot;}\" data-widget_type=\"image.default\">\n\t\t\t\t<div class=\"elementor-widget-container\">\n\t\t\t\t\t\t\t\t\t\t\t\t<figure class=\"wp-caption\">\n\t\t\t\t\t\t\t\t\t\t<img fetchpriority=\"high\" decoding=\"async\" width=\"1024\" height=\"683\" src=\"https:\/\/i0.wp.com\/heroelitemedicalcenter.com\/wp-content\/uploads\/2024\/07\/portrait-smiling-young-doctors-standing-together-portrait-medical-staff-inside-modern-hospital-smiling-camera-scaled.jpg?fit=1024%2C683&amp;ssl=1\" class=\"attachment-large size-large wp-image-116\" alt=\"\" srcset=\"https:\/\/i0.wp.com\/heroelitemedicalcenter.com\/wp-content\/uploads\/2024\/07\/portrait-smiling-young-doctors-standing-together-portrait-medical-staff-inside-modern-hospital-smiling-camera-scaled.jpg?w=2560&amp;ssl=1 2560w, https:\/\/i0.wp.com\/heroelitemedicalcenter.com\/wp-content\/uploads\/2024\/07\/portrait-smiling-young-doctors-standing-together-portrait-medical-staff-inside-modern-hospital-smiling-camera-scaled.jpg?resize=300%2C200&amp;ssl=1 300w, https:\/\/i0.wp.com\/heroelitemedicalcenter.com\/wp-content\/uploads\/2024\/07\/portrait-smiling-young-doctors-standing-together-portrait-medical-staff-inside-modern-hospital-smiling-camera-scaled.jpg?resize=1024%2C683&amp;ssl=1 1024w, https:\/\/i0.wp.com\/heroelitemedicalcenter.com\/wp-content\/uploads\/2024\/07\/portrait-smiling-young-doctors-standing-together-portrait-medical-staff-inside-modern-hospital-smiling-camera-scaled.jpg?resize=768%2C512&amp;ssl=1 768w, https:\/\/i0.wp.com\/heroelitemedicalcenter.com\/wp-content\/uploads\/2024\/07\/portrait-smiling-young-doctors-standing-together-portrait-medical-staff-inside-modern-hospital-smiling-camera-scaled.jpg?resize=1536%2C1024&amp;ssl=1 1536w, https:\/\/i0.wp.com\/heroelitemedicalcenter.com\/wp-content\/uploads\/2024\/07\/portrait-smiling-young-doctors-standing-together-portrait-medical-staff-inside-modern-hospital-smiling-camera-scaled.jpg?w=2400&amp;ssl=1 2400w\" sizes=\"(max-width: 1024px) 100vw, 1024px\" \/>\t\t\t\t\t\t\t\t\t\t\t<figcaption class=\"widget-image-caption wp-caption-text\">Designed by Freepik<\/figcaption>\n\t\t\t\t\t\t\t\t\t\t<\/figure>\n\t\t\t\t\t\t\t\t\t<\/div>\n\t\t\t\t<\/div>\n\t\t\t\t<\/div>\n\t\t\t\t\t<\/div>\n\t\t\t\t<\/div>\n\t\t<div class=\"elementor-element elementor-element-3b24bef e-con-full e-flex e-con e-parent\" data-id=\"3b24bef\" data-element_type=\"container\" data-e-type=\"container\">\n\t\t<div class=\"elementor-element elementor-element-67e41e5 e-con-full e-flex e-con e-child\" data-id=\"67e41e5\" data-element_type=\"container\" data-e-type=\"container\" data-settings=\"{&quot;background_background&quot;:&quot;classic&quot;}\">\n\t\t<div class=\"elementor-element elementor-element-2a67338 e-con-full e-flex e-con e-child\" data-id=\"2a67338\" data-element_type=\"container\" data-e-type=\"container\" data-settings=\"{&quot;background_background&quot;:&quot;classic&quot;,&quot;animation&quot;:&quot;none&quot;}\">\n\t\t\t\t<div class=\"elementor-element elementor-element-919cd7b elementor-widget__width-initial elementor-invisible elementor-widget elementor-widget-heading\" data-id=\"919cd7b\" data-element_type=\"widget\" data-e-type=\"widget\" data-settings=\"{&quot;_animation&quot;:&quot;fadeInDown&quot;}\" data-widget_type=\"heading.default\">\n\t\t\t\t<div class=\"elementor-widget-container\">\n\t\t\t\t\t<h2 class=\"elementor-heading-title elementor-size-default\">LIVE BETTER WITH HERO ELITE MEDICAL CENTER<\/h2>\t\t\t\t<\/div>\n\t\t\t\t<\/div>\n\t\t\t\t<div class=\"elementor-element elementor-element-3815570 elementor-widget__width-initial elementor-invisible elementor-widget elementor-widget-heading\" data-id=\"3815570\" data-element_type=\"widget\" data-e-type=\"widget\" data-settings=\"{&quot;_animation&quot;:&quot;fadeInRight&quot;}\" data-widget_type=\"heading.default\">\n\t\t\t\t<div class=\"elementor-widget-container\">\n\t\t\t\t\t<h3 class=\"elementor-heading-title elementor-size-default\">Aqu\u00ed en Hero Elite Medical Center, nos enorgullecemos de ser uno de los principales proveedores de atenci\u00f3n m\u00e9dica primaria. No escatimamos gastos para brindarles a nuestros pacientes la atenci\u00f3n oportuna y flexible que necesitan. Ponte en contacto con nosotros para conocer nuestros servicios y c\u00f3mo podemos ayudarte.<\/h3>\t\t\t\t<\/div>\n\t\t\t\t<\/div>\n\t\t\t\t<div class=\"elementor-element elementor-element-619bd19 elementor-align-left elementor-invisible elementor-widget elementor-widget-button\" data-id=\"619bd19\" data-element_type=\"widget\" data-e-type=\"widget\" data-settings=\"{&quot;_animation&quot;:&quot;fadeInUp&quot;,&quot;_animation_delay&quot;:400}\" data-widget_type=\"button.default\">\n\t\t\t\t<div class=\"elementor-widget-container\">\n\t\t\t\t\t\t\t\t\t<div class=\"elementor-button-wrapper\">\n\t\t\t\t\t<a class=\"elementor-button elementor-button-link elementor-size-sm\" href=\"https:\/\/heroelitemedicalcenter.com\/es\/contact-us\/\">\n\t\t\t\t\t\t<span class=\"elementor-button-content-wrapper\">\n\t\t\t\t\t\t\t\t\t<span class=\"elementor-button-text\">CONT\u00c1CTENOS<\/span>\n\t\t\t\t\t<\/span>\n\t\t\t\t\t<\/a>\n\t\t\t\t<\/div>\n\t\t\t\t\t\t\t\t<\/div>\n\t\t\t\t<\/div>\n\t\t\t\t<\/div>\n\t\t\t\t<\/div>\n\t\t\t\t<\/div>\n\t\t\t\t<\/div>","protected":false},"excerpt":{"rendered":"<p>Primary Care Primary Care Physician Hero Elite Medical Center excels in providing primary care services, including general practitioner and family medicine, to meet the diverse healthcare needs of its customers. As a comprehensive healthcare provider, we offer a range of primary care services delivered by skilled and compassionate medical professionals.&nbsp; Our primary care services encompass [&hellip;]<\/p>\n","protected":false},"author":1,"featured_media":0,"parent":0,"menu_order":0,"comment_status":"closed","ping_status":"closed","template":"elementor_header_footer","meta":{"nf_dc_page":"","ocean_post_layout":"","ocean_both_sidebars_style":"","ocean_both_sidebars_content_width":0,"ocean_both_sidebars_sidebars_width":0,"ocean_sidebar":"","ocean_second_sidebar":"","ocean_disable_margins":"enable","ocean_add_body_class":"","ocean_shortcode_before_top_bar":"","ocean_shortcode_after_top_bar":"","ocean_shortcode_before_header":"","ocean_shortcode_after_header":"","ocean_has_shortcode":"","ocean_shortcode_after_title":"","ocean_shortcode_before_footer_widgets":"","ocean_shortcode_after_footer_widgets":"","ocean_shortcode_before_footer_bottom":"","ocean_shortcode_after_footer_bottom":"","ocean_display_top_bar":"default","ocean_display_header":"default","ocean_header_style":"","ocean_center_header_left_menu":"","ocean_custom_header_template":"","ocean_custom_logo":0,"ocean_custom_retina_logo":0,"ocean_custom_logo_max_width":0,"ocean_custom_logo_tablet_max_width":0,"ocean_custom_logo_mobile_max_width":0,"ocean_custom_logo_max_height":0,"ocean_custom_logo_tablet_max_height":0,"ocean_custom_logo_mobile_max_height":0,"ocean_header_custom_menu":"","ocean_menu_typo_font_family":"","ocean_menu_typo_font_subset":"","ocean_menu_typo_font_size":0,"ocean_menu_typo_font_size_tablet":0,"ocean_menu_typo_font_size_mobile":0,"ocean_menu_typo_font_size_unit":"px","ocean_menu_typo_font_weight":"","ocean_menu_typo_font_weight_tablet":"","ocean_menu_typo_font_weight_mobile":"","ocean_menu_typo_transform":"","ocean_menu_typo_transform_tablet":"","ocean_menu_typo_transform_mobile":"","ocean_menu_typo_line_height":0,"ocean_menu_typo_line_height_tablet":0,"ocean_menu_typo_line_height_mobile":0,"ocean_menu_typo_line_height_unit":"","ocean_menu_typo_spacing":0,"ocean_menu_typo_spacing_tablet":0,"ocean_menu_typo_spacing_mobile":0,"ocean_menu_typo_spacing_unit":"","ocean_menu_link_color":"","ocean_menu_link_color_hover":"","ocean_menu_link_color_active":"","ocean_menu_link_background":"","ocean_menu_link_hover_background":"","ocean_menu_link_active_background":"","ocean_menu_social_links_bg":"","ocean_menu_social_hover_links_bg":"","ocean_menu_social_links_color":"","ocean_menu_social_hover_links_color":"","ocean_disable_title":"on","ocean_disable_heading":"default","ocean_post_title":"","ocean_post_subheading":"","ocean_post_title_style":"","ocean_post_title_background_color":"","ocean_post_title_background":0,"ocean_post_title_bg_image_position":"","ocean_post_title_bg_image_attachment":"","ocean_post_title_bg_image_repeat":"","ocean_post_title_bg_image_size":"","ocean_post_title_height":0,"ocean_post_title_bg_overlay":0.5,"ocean_post_title_bg_overlay_color":"","ocean_disable_breadcrumbs":"off","ocean_breadcrumbs_color":"","ocean_breadcrumbs_separator_color":"","ocean_breadcrumbs_links_color":"","ocean_breadcrumbs_links_hover_color":"","ocean_display_footer_widgets":"default","ocean_display_footer_bottom":"default","ocean_custom_footer_template":"","footnotes":""},"class_list":["post-110","page","type-page","status-publish","hentry","entry"],"yoast_head":"<!-- This site is optimized with the Yoast SEO plugin v27.5 - https:\/\/yoast.com\/product\/yoast-seo-wordpress\/ -->\n<title>Primary Care - Hero Elite Medical Center<\/title>\n<meta name=\"robots\" content=\"index, follow, max-snippet:-1, max-image-preview:large, max-video-preview:-1\" \/>\n<link rel=\"canonical\" href=\"https:\/\/serenityrgservices.com\/website_d825c278\/primary-care\/\" \/>\n<meta property=\"og:locale\" content=\"es_ES\" \/>\n<meta property=\"og:type\" content=\"article\" \/>\n<meta property=\"og:title\" content=\"Primary Care - Hero Elite Medical Center\" \/>\n<meta property=\"og:description\" content=\"Primary Care Primary Care Physician Hero Elite Medical Center excels in providing primary care services, including general practitioner and family medicine, to meet the diverse healthcare needs of its customers. As a comprehensive healthcare provider, we offer a range of primary care services delivered by skilled and compassionate medical professionals.&nbsp; Our primary care services encompass [&hellip;]\" \/>\n<meta property=\"og:url\" content=\"https:\/\/serenityrgservices.com\/website_d825c278\/primary-care\/\" \/>\n<meta property=\"og:site_name\" content=\"Hero Elite Medical Center\" \/>\n<meta property=\"article:modified_time\" content=\"2024-07-11T17:00:23+00:00\" \/>\n<meta property=\"og:image\" content=\"https:\/\/serenityrgservices.com\/website_d825c278\/wp-content\/uploads\/2024\/07\/portrait-smiling-young-doctors-standing-together-portrait-medical-staff-inside-modern-hospital-smiling-camera-1024x683.jpg\" \/>\n<meta name=\"twitter:card\" content=\"summary_large_image\" \/>\n<meta name=\"twitter:label1\" content=\"Tiempo de lectura\" \/>\n\t<meta name=\"twitter:data1\" content=\"2 minutos\" \/>\n<script type=\"application\/ld+json\" class=\"yoast-schema-graph\">{\"@context\":\"https:\\\/\\\/schema.org\",\"@graph\":[{\"@type\":\"WebPage\",\"@id\":\"https:\\\/\\\/serenityrgservices.com\\\/website_d825c278\\\/primary-care\\\/\",\"url\":\"https:\\\/\\\/serenityrgservices.com\\\/website_d825c278\\\/primary-care\\\/\",\"name\":\"Primary Care - Hero Elite Medical Center\",\"isPartOf\":{\"@id\":\"https:\\\/\\\/serenityrgservices.com\\\/website_d825c278\\\/#website\"},\"primaryImageOfPage\":{\"@id\":\"https:\\\/\\\/serenityrgservices.com\\\/website_d825c278\\\/primary-care\\\/#primaryimage\"},\"image\":{\"@id\":\"https:\\\/\\\/serenityrgservices.com\\\/website_d825c278\\\/primary-care\\\/#primaryimage\"},\"thumbnailUrl\":\"https:\\\/\\\/heroelitemedicalcenter.com\\\/wp-content\\\/uploads\\\/2024\\\/07\\\/portrait-smiling-young-doctors-standing-together-portrait-medical-staff-inside-modern-hospital-smiling-camera-1024x683.jpg\",\"datePublished\":\"2024-07-09T20:12:41+00:00\",\"dateModified\":\"2024-07-11T17:00:23+00:00\",\"breadcrumb\":{\"@id\":\"https:\\\/\\\/serenityrgservices.com\\\/website_d825c278\\\/primary-care\\\/#breadcrumb\"},\"inLanguage\":\"es\",\"potentialAction\":[{\"@type\":\"ReadAction\",\"target\":[\"https:\\\/\\\/serenityrgservices.com\\\/website_d825c278\\\/primary-care\\\/\"]}]},{\"@type\":\"ImageObject\",\"inLanguage\":\"es\",\"@id\":\"https:\\\/\\\/serenityrgservices.com\\\/website_d825c278\\\/primary-care\\\/#primaryimage\",\"url\":\"https:\\\/\\\/heroelitemedicalcenter.com\\\/wp-content\\\/uploads\\\/2024\\\/07\\\/portrait-smiling-young-doctors-standing-together-portrait-medical-staff-inside-modern-hospital-smiling-camera-1024x683.jpg\",\"contentUrl\":\"https:\\\/\\\/heroelitemedicalcenter.com\\\/wp-content\\\/uploads\\\/2024\\\/07\\\/portrait-smiling-young-doctors-standing-together-portrait-medical-staff-inside-modern-hospital-smiling-camera-1024x683.jpg\"},{\"@type\":\"BreadcrumbList\",\"@id\":\"https:\\\/\\\/serenityrgservices.com\\\/website_d825c278\\\/primary-care\\\/#breadcrumb\",\"itemListElement\":[{\"@type\":\"ListItem\",\"position\":1,\"name\":\"Home\",\"item\":\"https:\\\/\\\/heroelitemedicalcenter.com\\\/\"},{\"@type\":\"ListItem\",\"position\":2,\"name\":\"Primary Care\"}]},{\"@type\":\"WebSite\",\"@id\":\"https:\\\/\\\/serenityrgservices.com\\\/website_d825c278\\\/#website\",\"url\":\"https:\\\/\\\/serenityrgservices.com\\\/website_d825c278\\\/\",\"name\":\"Hero Elite Medical Center\",\"description\":\"Hero Elite Medical Center offers a wide range of medical services with exceptional quality of care, ensuring your health is our priority.\",\"publisher\":{\"@id\":\"https:\\\/\\\/serenityrgservices.com\\\/website_d825c278\\\/#organization\"},\"potentialAction\":[{\"@type\":\"SearchAction\",\"target\":{\"@type\":\"EntryPoint\",\"urlTemplate\":\"https:\\\/\\\/serenityrgservices.com\\\/website_d825c278\\\/?s={search_term_string}\"},\"query-input\":{\"@type\":\"PropertyValueSpecification\",\"valueRequired\":true,\"valueName\":\"search_term_string\"}}],\"inLanguage\":\"es\"},{\"@type\":\"Organization\",\"@id\":\"https:\\\/\\\/serenityrgservices.com\\\/website_d825c278\\\/#organization\",\"name\":\"Hero Elite Medical Center\",\"url\":\"https:\\\/\\\/serenityrgservices.com\\\/website_d825c278\\\/\",\"logo\":{\"@type\":\"ImageObject\",\"inLanguage\":\"es\",\"@id\":\"https:\\\/\\\/serenityrgservices.com\\\/website_d825c278\\\/#\\\/schema\\\/logo\\\/image\\\/\",\"url\":\"https:\\\/\\\/i0.wp.com\\\/heroelitemedicalcenter.com\\\/wp-content\\\/uploads\\\/2024\\\/07\\\/IMG_3458-1-2.webp?fit=192%2C75&ssl=1\",\"contentUrl\":\"https:\\\/\\\/i0.wp.com\\\/heroelitemedicalcenter.com\\\/wp-content\\\/uploads\\\/2024\\\/07\\\/IMG_3458-1-2.webp?fit=192%2C75&ssl=1\",\"width\":192,\"height\":75,\"caption\":\"Hero Elite Medical Center\"},\"image\":{\"@id\":\"https:\\\/\\\/serenityrgservices.com\\\/website_d825c278\\\/#\\\/schema\\\/logo\\\/image\\\/\"}}]}<\/script>\n<!-- \/ Yoast SEO plugin. -->","yoast_head_json":{"title":"Primary Care - Hero Elite Medical Center","robots":{"index":"index","follow":"follow","max-snippet":"max-snippet:-1","max-image-preview":"max-image-preview:large","max-video-preview":"max-video-preview:-1"},"canonical":"https:\/\/serenityrgservices.com\/website_d825c278\/primary-care\/","og_locale":"es_ES","og_type":"article","og_title":"Primary Care - Hero Elite Medical Center","og_description":"Primary Care Primary Care Physician Hero Elite Medical Center excels in providing primary care services, including general practitioner and family medicine, to meet the diverse healthcare needs of its customers. As a comprehensive healthcare provider, we offer a range of primary care services delivered by skilled and compassionate medical professionals.&nbsp; Our primary care services encompass [&hellip;]","og_url":"https:\/\/serenityrgservices.com\/website_d825c278\/primary-care\/","og_site_name":"Hero Elite Medical Center","article_modified_time":"2024-07-11T17:00:23+00:00","og_image":[{"url":"https:\/\/serenityrgservices.com\/website_d825c278\/wp-content\/uploads\/2024\/07\/portrait-smiling-young-doctors-standing-together-portrait-medical-staff-inside-modern-hospital-smiling-camera-1024x683.jpg","type":"","width":"","height":""}],"twitter_card":"summary_large_image","twitter_misc":{"Tiempo de lectura":"2 minutos"},"schema":{"@context":"https:\/\/schema.org","@graph":[{"@type":"WebPage","@id":"https:\/\/serenityrgservices.com\/website_d825c278\/primary-care\/","url":"https:\/\/serenityrgservices.com\/website_d825c278\/primary-care\/","name":"Primary Care - Hero Elite Medical Center","isPartOf":{"@id":"https:\/\/serenityrgservices.com\/website_d825c278\/#website"},"primaryImageOfPage":{"@id":"https:\/\/serenityrgservices.com\/website_d825c278\/primary-care\/#primaryimage"},"image":{"@id":"https:\/\/serenityrgservices.com\/website_d825c278\/primary-care\/#primaryimage"},"thumbnailUrl":"https:\/\/heroelitemedicalcenter.com\/wp-content\/uploads\/2024\/07\/portrait-smiling-young-doctors-standing-together-portrait-medical-staff-inside-modern-hospital-smiling-camera-1024x683.jpg","datePublished":"2024-07-09T20:12:41+00:00","dateModified":"2024-07-11T17:00:23+00:00","breadcrumb":{"@id":"https:\/\/serenityrgservices.com\/website_d825c278\/primary-care\/#breadcrumb"},"inLanguage":"es","potentialAction":[{"@type":"ReadAction","target":["https:\/\/serenityrgservices.com\/website_d825c278\/primary-care\/"]}]},{"@type":"ImageObject","inLanguage":"es","@id":"https:\/\/serenityrgservices.com\/website_d825c278\/primary-care\/#primaryimage","url":"https:\/\/heroelitemedicalcenter.com\/wp-content\/uploads\/2024\/07\/portrait-smiling-young-doctors-standing-together-portrait-medical-staff-inside-modern-hospital-smiling-camera-1024x683.jpg","contentUrl":"https:\/\/heroelitemedicalcenter.com\/wp-content\/uploads\/2024\/07\/portrait-smiling-young-doctors-standing-together-portrait-medical-staff-inside-modern-hospital-smiling-camera-1024x683.jpg"},{"@type":"BreadcrumbList","@id":"https:\/\/serenityrgservices.com\/website_d825c278\/primary-care\/#breadcrumb","itemListElement":[{"@type":"ListItem","position":1,"name":"Home","item":"https:\/\/heroelitemedicalcenter.com\/"},{"@type":"ListItem","position":2,"name":"Primary Care"}]},{"@type":"WebSite","@id":"https:\/\/serenityrgservices.com\/website_d825c278\/#website","url":"https:\/\/serenityrgservices.com\/website_d825c278\/","name":"Hero Elite Medical Center","description":"Hero Elite Medical Center offers a wide range of medical services with exceptional quality of care, ensuring your health is our priority.","publisher":{"@id":"https:\/\/serenityrgservices.com\/website_d825c278\/#organization"},"potentialAction":[{"@type":"SearchAction","target":{"@type":"EntryPoint","urlTemplate":"https:\/\/serenityrgservices.com\/website_d825c278\/?s={search_term_string}"},"query-input":{"@type":"PropertyValueSpecification","valueRequired":true,"valueName":"search_term_string"}}],"inLanguage":"es"},{"@type":"Organization","@id":"https:\/\/serenityrgservices.com\/website_d825c278\/#organization","name":"Hero Elite Medical Center","url":"https:\/\/serenityrgservices.com\/website_d825c278\/","logo":{"@type":"ImageObject","inLanguage":"es","@id":"https:\/\/serenityrgservices.com\/website_d825c278\/#\/schema\/logo\/image\/","url":"https:\/\/i0.wp.com\/heroelitemedicalcenter.com\/wp-content\/uploads\/2024\/07\/IMG_3458-1-2.webp?fit=192%2C75&ssl=1","contentUrl":"https:\/\/i0.wp.com\/heroelitemedicalcenter.com\/wp-content\/uploads\/2024\/07\/IMG_3458-1-2.webp?fit=192%2C75&ssl=1","width":192,"height":75,"caption":"Hero Elite Medical Center"},"image":{"@id":"https:\/\/serenityrgservices.com\/website_d825c278\/#\/schema\/logo\/image\/"}}]}},"jetpack_sharing_enabled":true,"_links":{"self":[{"href":"https:\/\/heroelitemedicalcenter.com\/es\/wp-json\/wp\/v2\/pages\/110","targetHints":{"allow":["GET"]}}],"collection":[{"href":"https:\/\/heroelitemedicalcenter.com\/es\/wp-json\/wp\/v2\/pages"}],"about":[{"href":"https:\/\/heroelitemedicalcenter.com\/es\/wp-json\/wp\/v2\/types\/page"}],"author":[{"embeddable":true,"href":"https:\/\/heroelitemedicalcenter.com\/es\/wp-json\/wp\/v2\/users\/1"}],"replies":[{"embeddable":true,"href":"https:\/\/heroelitemedicalcenter.com\/es\/wp-json\/wp\/v2\/comments?post=110"}],"version-history":[{"count":6,"href":"https:\/\/heroelitemedicalcenter.com\/es\/wp-json\/wp\/v2\/pages\/110\/revisions"}],"predecessor-version":[{"id":548,"href":"https:\/\/heroelitemedicalcenter.com\/es\/wp-json\/wp\/v2\/pages\/110\/revisions\/548"}],"wp:attachment":[{"href":"https:\/\/heroelitemedicalcenter.com\/es\/wp-json\/wp\/v2\/media?parent=110"}],"curies":[{"name":"wp","href":"https:\/\/api.w.org\/{rel}","templated":true}]}}